{"id":35163,"date":"2021-03-31T09:25:15","date_gmt":"2021-03-31T09:25:15","guid":{"rendered":"https:\/\/www.sistemp.com\/cookie-policy\/"},"modified":"2021-05-31T08:37:10","modified_gmt":"2021-05-31T08:37:10","slug":"cookie-policy","status":"publish","type":"page","link":"https:\/\/www.sistemp.com\/de\/cookie-policy\/","title":{"rendered":"Cookie Policy"},"content":{"rendered":"\n<p>In \u00dcbereinstimmung mit dem Art. 13 der europ\u00e4ischen Verordnung Nr. 679 vom Jahr 2016<br>und der Bestimmung der italienischen Datenschutzbeh\u00f6rde Nr. 229 vom 8. Mai 2014,<br>ver\u00f6ffentlicht im Amtsblatt 126 vom 3. Juni 2014 (sogenannte Cookies law), das<br>Unternehmen Sistem Pneumatica S.r.l. (im Folgenden der K\u00fcrze halber in der abgek\u00fcrzten<br>Form \u201eSistem\u201c), aktuell in Bologna, via della Salute n.85\/10 B-C-D t\u00e4tig, Steuernummer und<br>Uid-Nr 01188760373, in der Person seines gesetzlichen Vertreters Lorenzo Gamberini PEC-<br>Adresse: sistempneumatica@legalmail.it e-mail: info@sistemp.com.<br>1) Datenverantwortliche und -verarbeiter.<br>Der Datenverantwortliche ist Sistem Pneumatica S.r.l.<br>2) Personenbezogene Daten (oder Daten)<br>Personenbezogene Daten sind alle Informationen, die direkt oder indirekt, auch in<br>Verbindung mit anderen Informationen, einschlie\u00dflich einer pers\u00f6nlichen<br>Identifikationsnummer, eine nat\u00fcrliche Person identifiziert oder identifizierbar machen.<br>3) Nutzungsdaten<br>Dies sind die Informationen, die automatisch durch diese Anwendung gesammelt werden<br>(auch durch in diese Anwendung integrierte Drittanwendungen), einschlie\u00dflich: IP-Adressen<br>oder Dom\u00e4nennamen von Computern, die vom Benutzer verwendet werden, der sich mit<br>dieser Anwendung verbindet, URI-Adressen (Uniform Resource Identifier), die Uhrzeit der<br>Anforderung, die Methode, mit der die Anforderung an den Server weitergeleitet wird, die<br>Gr\u00f6\u00dfe der als Antwort erhaltenen Datei, der Zahlencode, der den Status der Antwort vom<br>Server angibt (erfolgreich, Fehler usw.) das Herkunftsland, die Eigenschaften des Browsers<br>und des vom Besucher verwendeten Betriebssystems, die verschiedenen zeitlichen<br>Konnotationen des Besuchs (z.B. die auf jeder Seite verbrachte Zeit) und die Einzelheiten des<br>innerhalb der Anwendung verfolgten Ablaufs, insbesondere die Reihenfolge der<br>aufgerufenen Seiten, die Parameter in Bezug auf das Betriebssystem und die IT-Umgebung<br>des Benutzers.<br>4) Benutzer<br>Die Person, die diese Anwendung nutzt, die mit der betroffenen Person identisch oder von<br>ihr autorisiert sein muss und deren personenbezogene Daten verarbeitet werden.<br>5) Betroffene Person<br>Die nat\u00fcrliche oder juristische Person, auf die sich die personenbezogenen Daten beziehen.<br>6) Cookie.<br>Die Website verwendet Cookies. Die Cookies sind alphanumerische Zeichenfolgen, die auf<br>dem Computer gespeichert werden und erm\u00f6glichen, bestimmte Parameter und Daten, die<br>\u00fcber den verwendeten Browser an das Computersystem \u00fcbermittelt werden, zu speichern.<br>Diese Werkzeuge erm\u00f6glichen daher eine Analyse der Gewohnheiten bei der Nutzung der<br>Website f\u00fcr verschiedene Zwecke: Ausf\u00fchrung der Computerauthentifizierung,<br>\u00dcberwachung von Sitzungen, Speicherung von Informationen \u00fcber bestimmte<br>Konfigurationen von Nutzern, die auf den Server zugreifen, Speicherung von Pr\u00e4ferenzen,<br>usw\u2026<\/p>\n\n\n\n<p>2<br>Cookies unterteilen sich in:<br>a) Technische Cookies: Diese Cookies sind f\u00fcr das ordnungsgem\u00e4\u00dfe Funktionieren unserer<br>Website und zur Nutzung und\/oder Verbesserung der verschiedenen angeforderten<br>Funktionen oder Dienste erforderlich. Ohne die Nutzung solcher Cookies k\u00f6nnten einige<br>Vorg\u00e4nge nicht abgeschlossen werden oder w\u00e4ren komplexer und\/oder weniger sicher. F\u00fcr<br>die Installation von technischen Cookies ist keine Zustimmung erforderlich.<br>b) Analyse-Cookies: Dies sind Cookies, mit denen wir die Leistung unserer Website durch die<br>\u00dcberwachung und die Analyse des Verhaltens der Benutzer verbessern k\u00f6nnen. Um zu<br>analysieren, wie die Website verwendet wird, verwendet der Datenverantwortliche den<br>Webanalysedienst \u201eGoogle Analytics\u201c, der die erhobenen personenbezogenen Daten<br>verwendet, um die Nutzung dieser Website zu verfolgen und zu untersuchen, Berichte zu<br>erstellen und sie mit anderen von Google entwickelten Diensten zu teilen.<br>Weitere Informationen zum Google Analytics-Dienst und zu den Verfahren zum Deaktivieren<br>von Cookies finden Sie unter den folgenden Links: \u2026\u2026\u2026\u2026\u2026\u2026\u2026\u2026\u2026<br>c) Werbe- und Verhaltens-Werbe-Cookies (Profilierung). Diese Cookies werden vom<br>Datenverantwortlichen zur Erhebung verwendet, um Marktforschungs- oder<br>Werbeaktivit\u00e4ten durchzuf\u00fchren.<br>Der Datenverantwortliche nutzt die folgenden Dienste:<br>\u2026\u2026\u2026\u2026\u2026\u2026\u2026\u2026\u2026\u2026 LISTE VON JEDEM EINZELNEN COOKIE<br>Die Nutzung dieser Kategorie von Cookies bedarf der freien Zustimmung. Der Nutzer kann<br>die Nutzung dieser Kategorie von Cookies mithilfe des auf der Einstellungsseite seines<br>Browsers bereitgestellten Opt-out-Tools oder gem\u00e4\u00df den unten angegebenen<br>Bestimmungen autorisieren oder verweigern.<br>\uf0a0 Aktiviert<br>\uf0a0 Deaktiviert<br>d) Verhaltens-Werbe-Cookies (Profilierung) Diese Cookies werden vom<br>Datenverantwortlichen verwendet, um Daten zu Navigationsgewohnheiten und<br>Benutzerpr\u00e4ferenzen zu erheben, um ein spezifisches Profil f\u00fcr die Anpassung des<br>kommerziellen Angebots, f\u00fcr die Durchf\u00fchrung von Marktforschungs-, Werbe- oder<br>Fernabsatzaktivit\u00e4ten zu entwickeln.<br>Der Datenverantwortliche nutzt die folgenden Dienste:<br>\u2026\u2026\u2026\u2026\u2026\u2026\u2026\u2026\u2026\u2026 LISTE VON JEDEM EINZELNEN COOKIE<br>Die Nutzung dieser Kategorie von Cookies bedarf der freien Zustimmung. Der Nutzer kann<br>die Nutzung dieser Kategorie von Cookies mithilfe des auf der Einstellungsseite seines<br>Browsers bereitgestellten Opt-out-Tools oder gem\u00e4\u00df den unten angegebenen<br>Bestimmungen autorisieren oder verweigern.<br>\uf0a0 Aktiviert<br>\uf0a0 Deaktiviert<br>e) Cookies von Drittanbietern und Cookies von sozialen Netzwerken.<br>Unsere Website kann die Nutzung von Cookies von Drittanbietern erm\u00f6glichen, die<br>Informationen \u00fcber die Navigation des Benutzers im Internet und insbesondere auf unseren<br>Websites sammeln. Auf unserer Website sind zudem Seiten enthalten, die sich durch die<br>sogenannten \u201eSocial Plug-Ins\u201c kennzeichnen, mit denen unsere Inhalte in sozialen<br>Netzwerken wie Facebook, Instagram und Linkedin geteilt werden k\u00f6nnen.<br>Der Datenverantwortliche nutzt die folgenden Dienste:<br>\u2026\u2026\u2026\u2026\u2026\u2026\u2026\u2026\u2026\u2026 LISTE VON JEDEM EINZELNEN COOKIE<br>Die Nutzung dieser Kategorie von Cookies bedarf der freien Zustimmung. Der Nutzer kann<br>die Nutzung dieser Kategorie von Cookies mithilfe des auf der Einstellungsseite seines<\/p>\n\n\n\n<p>3<br>Browsers bereitgestellten Opt-out-Tools oder gem\u00e4\u00df den unten angegebenen<br>Bestimmungen autorisieren oder verweigern.<\/p>\n\n\n\n<p>\uf0a0 Aktiviert<br>\uf0a0 Deaktiviert<\/p>\n\n\n\n<p>Cookies von Drittanbietern unterliegen nicht unserer Kontrolle. Um weitere Informationen<br>dar\u00fcber zu erhalten, wie der Drittanbieter Cookies verwendet, ist es ratsam, die Website des<br>Drittanbieters zu besuchen, dessen Webadressen unten aufgef\u00fchrt sind, auf der die<br>verschiedenen Informationen und Methoden zur Verwaltung von Cookies der Drittanbieter<br>aufgef\u00fchrt sind:<\/p>\n\n\n\n<ul class=\"wp-block-list\"><li>Facebook: Richtlinien: https:\/\/www.facebook.com\/help\/cookies\/<br>(https:\/\/www.facebook.com\/help\/cookies\/)<\/li><li>Instagram<\/li><li>Linkedin<br>7) Verwaltung von Cookies<br>Zus\u00e4tzlich zu den in diesem Dokument enthaltenen Informationen kann der<br>Nutzer seine Cookie-Einstellungen direkt in seinem Browser verwalten und<br>beispielsweise die Installation von Cookies durch Dritte verhindern. \u00dcber die<br>Browsereinstellungen k\u00f6nnen auch in der Vergangenheit installierte Cookies<br>gel\u00f6scht werden, einschlie\u00dflich aller Cookies, in denen die Zustimmung zur<br>Installation von Cookies auf dieser Website gespeichert wird. Es ist wichtig zu<br>wissen, dass durch Deaktivieren aller Cookies in einigen F\u00e4llen die Nutzung der<br>Website oder ihrer Funktionen verhindert oder ausgeschlossen werden kann.<br>F\u00fcr weitere Informationen zu Cookies, einschlie\u00dflich Informationen zu deren<br>Verwaltung oder L\u00f6schung mithilfe der Browsereinstellungen, kann man sich<br>mit ,&nbsp;Google Chrome,&nbsp; Mozilla Firefox ,&nbsp;Apple Safari&nbsp;e&nbsp;Microsoft Windows<br>Explorer verbinden.<br>Bei Diensten, die von Dritten bereitgestellt werden, kann der Nutzer auch von<br>seinem Recht Gebrauch machen, der Nachverfolgung zu widersprechen, indem<br>er \u00fcber den Link \u2026\u2026\u2026\u2026\u2026\u2026 auf die Datenschutzrichtlinie des Dritten zugreift,<br>\u00fcber den Opt-out-Link, sofern ein solcher ausdr\u00fccklich bereitgestellt wird.<br>Ungeachtet des Vorstehenden informiert der Datenverantwortliche, dass der<br>Nutzer&nbsp; Your Online Choices nutzen kann. \u00dcber diesen Dienst k\u00f6nnen die<br>Tracking-Pr\u00e4ferenzen der meisten Werbemittel verwaltet werden. Der<br>Datenverantwortliche empfiehlt den Nutzern daher, diese Ressource zus\u00e4tzlich<br>zu den in diesem Dokument bereitgestellten Informationen zu verwenden.<\/li><\/ul>\n\n\n\n<p>DIE VORLIEGENDE RICHTLINIE IST ZU VERSTEHEN, ALS VON DER<br>DATENSCHUTZERKL\u00c4RUNG (LINK.www.sistemp.com\/privacy policy), DIE<br>UNSERE NUTZUNG VON COOKIES UND ANDEREN TRACKING-TECHNOLOGIEN<br>BESCHREIBT, SOWIE UNSERER RICHTLINIE BEZ\u00dcGLICH DER ERHEBUNG,<br>VERWENDUNG, OFFENLEGUNG, \u00dcBERTRAGUNG UND SPEICHERUNG VON<br>INFORMATIONEN \u00dcBER NUTZER UND\/ODER BESUCHER UNSERER WEBSITE<br>INTEGRIERT.<\/p>\n","protected":false},"excerpt":{"rendered":"<p>In \u00dcbereinstimmung mit dem Art. 13 der europ\u00e4ischen Verordnung Nr. 679 vom Jahr 2016und der Bestimmung der italienischen&#8230;<\/p>\n","protected":false},"author":1,"featured_media":0,"parent":0,"menu_order":0,"comment_status":"closed","ping_status":"closed","template":"","meta":{"footnotes":""},"class_list":["post-35163","page","type-page","status-publish","hentry"],"yoast_head":"<!-- This site is optimized with the Yoast SEO plugin v27.3 - https:\/\/yoast.com\/product\/yoast-seo-wordpress\/ -->\n<title>Cookie Policy - Sistem Pneumatica<\/title>\n<meta name=\"robots\" content=\"index, follow, max-snippet:-1, max-image-preview:large, max-video-preview:-1\" \/>\n<link rel=\"canonical\" href=\"https:\/\/www.sistemp.com\/de\/cookie-policy\/\" \/>\n<meta property=\"og:locale\" content=\"de_DE\" \/>\n<meta property=\"og:type\" content=\"article\" \/>\n<meta property=\"og:title\" content=\"Cookie Policy - Sistem Pneumatica\" \/>\n<meta property=\"og:description\" content=\"In \u00dcbereinstimmung mit dem Art. 13 der europ\u00e4ischen Verordnung Nr. 679 vom Jahr 2016und der Bestimmung der italienischen...\" \/>\n<meta property=\"og:url\" content=\"https:\/\/www.sistemp.com\/de\/cookie-policy\/\" \/>\n<meta property=\"og:site_name\" content=\"Sistem Pneumatica\" \/>\n<meta property=\"article:modified_time\" content=\"2021-05-31T08:37:10+00:00\" \/>\n<meta name=\"twitter:card\" content=\"summary_large_image\" \/>\n<meta name=\"twitter:label1\" content=\"Gesch\u00e4tzte Lesezeit\" \/>\n\t<meta name=\"twitter:data1\" content=\"5\u00a0Minuten\" \/>\n<script type=\"application\/ld+json\" class=\"yoast-schema-graph\">{\"@context\":\"https:\\\/\\\/schema.org\",\"@graph\":[{\"@type\":\"WebPage\",\"@id\":\"https:\\\/\\\/www.sistemp.com\\\/de\\\/cookie-policy\\\/\",\"url\":\"https:\\\/\\\/www.sistemp.com\\\/de\\\/cookie-policy\\\/\",\"name\":\"Cookie Policy - Sistem Pneumatica\",\"isPartOf\":{\"@id\":\"https:\\\/\\\/www.sistemp.com\\\/#website\"},\"datePublished\":\"2021-03-31T09:25:15+00:00\",\"dateModified\":\"2021-05-31T08:37:10+00:00\",\"breadcrumb\":{\"@id\":\"https:\\\/\\\/www.sistemp.com\\\/de\\\/cookie-policy\\\/#breadcrumb\"},\"inLanguage\":\"de\",\"potentialAction\":[{\"@type\":\"ReadAction\",\"target\":[\"https:\\\/\\\/www.sistemp.com\\\/de\\\/cookie-policy\\\/\"]}]},{\"@type\":\"BreadcrumbList\",\"@id\":\"https:\\\/\\\/www.sistemp.com\\\/de\\\/cookie-policy\\\/#breadcrumb\",\"itemListElement\":[{\"@type\":\"ListItem\",\"position\":1,\"name\":\"Home\",\"item\":\"https:\\\/\\\/www.sistemp.com\\\/de\\\/\"},{\"@type\":\"ListItem\",\"position\":2,\"name\":\"Cookie Policy\"}]},{\"@type\":\"WebSite\",\"@id\":\"https:\\\/\\\/www.sistemp.com\\\/#website\",\"url\":\"https:\\\/\\\/www.sistemp.com\\\/\",\"name\":\"Sistem Pneumatica\",\"description\":\"\",\"publisher\":{\"@id\":\"https:\\\/\\\/www.sistemp.com\\\/#organization\"},\"potentialAction\":[{\"@type\":\"SearchAction\",\"target\":{\"@type\":\"EntryPoint\",\"urlTemplate\":\"https:\\\/\\\/www.sistemp.com\\\/?s={search_term_string}\"},\"query-input\":{\"@type\":\"PropertyValueSpecification\",\"valueRequired\":true,\"valueName\":\"search_term_string\"}}],\"inLanguage\":\"de\"},{\"@type\":\"Organization\",\"@id\":\"https:\\\/\\\/www.sistemp.com\\\/#organization\",\"name\":\"Sistem Pneumatica\",\"url\":\"https:\\\/\\\/www.sistemp.com\\\/\",\"logo\":{\"@type\":\"ImageObject\",\"inLanguage\":\"de\",\"@id\":\"https:\\\/\\\/www.sistemp.com\\\/#\\\/schema\\\/logo\\\/image\\\/\",\"url\":\"https:\\\/\\\/www.sistemp.com\\\/wp-content\\\/uploads\\\/2021\\\/01\\\/Logo-Sistem-Pneumatica.png\",\"contentUrl\":\"https:\\\/\\\/www.sistemp.com\\\/wp-content\\\/uploads\\\/2021\\\/01\\\/Logo-Sistem-Pneumatica.png\",\"width\":2089,\"height\":657,\"caption\":\"Sistem Pneumatica\"},\"image\":{\"@id\":\"https:\\\/\\\/www.sistemp.com\\\/#\\\/schema\\\/logo\\\/image\\\/\"}}]}<\/script>\n<!-- \/ Yoast SEO plugin. -->","yoast_head_json":{"title":"Cookie Policy - Sistem Pneumatica","robots":{"index":"index","follow":"follow","max-snippet":"max-snippet:-1","max-image-preview":"max-image-preview:large","max-video-preview":"max-video-preview:-1"},"canonical":"https:\/\/www.sistemp.com\/de\/cookie-policy\/","og_locale":"de_DE","og_type":"article","og_title":"Cookie Policy - Sistem Pneumatica","og_description":"In \u00dcbereinstimmung mit dem Art. 13 der europ\u00e4ischen Verordnung Nr. 679 vom Jahr 2016und der Bestimmung der italienischen...","og_url":"https:\/\/www.sistemp.com\/de\/cookie-policy\/","og_site_name":"Sistem Pneumatica","article_modified_time":"2021-05-31T08:37:10+00:00","twitter_card":"summary_large_image","twitter_misc":{"Gesch\u00e4tzte Lesezeit":"5\u00a0Minuten"},"schema":{"@context":"https:\/\/schema.org","@graph":[{"@type":"WebPage","@id":"https:\/\/www.sistemp.com\/de\/cookie-policy\/","url":"https:\/\/www.sistemp.com\/de\/cookie-policy\/","name":"Cookie Policy - Sistem Pneumatica","isPartOf":{"@id":"https:\/\/www.sistemp.com\/#website"},"datePublished":"2021-03-31T09:25:15+00:00","dateModified":"2021-05-31T08:37:10+00:00","breadcrumb":{"@id":"https:\/\/www.sistemp.com\/de\/cookie-policy\/#breadcrumb"},"inLanguage":"de","potentialAction":[{"@type":"ReadAction","target":["https:\/\/www.sistemp.com\/de\/cookie-policy\/"]}]},{"@type":"BreadcrumbList","@id":"https:\/\/www.sistemp.com\/de\/cookie-policy\/#breadcrumb","itemListElement":[{"@type":"ListItem","position":1,"name":"Home","item":"https:\/\/www.sistemp.com\/de\/"},{"@type":"ListItem","position":2,"name":"Cookie Policy"}]},{"@type":"WebSite","@id":"https:\/\/www.sistemp.com\/#website","url":"https:\/\/www.sistemp.com\/","name":"Sistem Pneumatica","description":"","publisher":{"@id":"https:\/\/www.sistemp.com\/#organization"},"potentialAction":[{"@type":"SearchAction","target":{"@type":"EntryPoint","urlTemplate":"https:\/\/www.sistemp.com\/?s={search_term_string}"},"query-input":{"@type":"PropertyValueSpecification","valueRequired":true,"valueName":"search_term_string"}}],"inLanguage":"de"},{"@type":"Organization","@id":"https:\/\/www.sistemp.com\/#organization","name":"Sistem Pneumatica","url":"https:\/\/www.sistemp.com\/","logo":{"@type":"ImageObject","inLanguage":"de","@id":"https:\/\/www.sistemp.com\/#\/schema\/logo\/image\/","url":"https:\/\/www.sistemp.com\/wp-content\/uploads\/2021\/01\/Logo-Sistem-Pneumatica.png","contentUrl":"https:\/\/www.sistemp.com\/wp-content\/uploads\/2021\/01\/Logo-Sistem-Pneumatica.png","width":2089,"height":657,"caption":"Sistem Pneumatica"},"image":{"@id":"https:\/\/www.sistemp.com\/#\/schema\/logo\/image\/"}}]}},"_links":{"self":[{"href":"https:\/\/www.sistemp.com\/de\/wp-json\/wp\/v2\/pages\/35163","targetHints":{"allow":["GET"]}}],"collection":[{"href":"https:\/\/www.sistemp.com\/de\/wp-json\/wp\/v2\/pages"}],"about":[{"href":"https:\/\/www.sistemp.com\/de\/wp-json\/wp\/v2\/types\/page"}],"author":[{"embeddable":true,"href":"https:\/\/www.sistemp.com\/de\/wp-json\/wp\/v2\/users\/1"}],"replies":[{"embeddable":true,"href":"https:\/\/www.sistemp.com\/de\/wp-json\/wp\/v2\/comments?post=35163"}],"version-history":[{"count":2,"href":"https:\/\/www.sistemp.com\/de\/wp-json\/wp\/v2\/pages\/35163\/revisions"}],"predecessor-version":[{"id":42183,"href":"https:\/\/www.sistemp.com\/de\/wp-json\/wp\/v2\/pages\/35163\/revisions\/42183"}],"wp:attachment":[{"href":"https:\/\/www.sistemp.com\/de\/wp-json\/wp\/v2\/media?parent=35163"}],"curies":[{"name":"wp","href":"https:\/\/api.w.org\/{rel}","templated":true}]}}