{"id":35164,"date":"2021-03-31T09:25:15","date_gmt":"2021-03-31T09:25:15","guid":{"rendered":"https:\/\/www.sistemp.com\/cookie-policy\/"},"modified":"2021-05-26T10:29:36","modified_gmt":"2021-05-26T10:29:36","slug":"cookie-policy","status":"publish","type":"page","link":"https:\/\/www.sistemp.com\/fr\/cookie-policy\/","title":{"rendered":"Cookie Policy"},"content":{"rendered":"\n<p>NOTE D&#8217;INFORMATIONS RELATIVES AUX COOKIES<\/p>\n\n\n\n<p>Conform\u00e9ment \u00e0 l&#8217;art. 13 du R\u00e8glement Europ\u00e9en n\u00b0679 du 2016 et \u00e0 la disposition du<br>Contr\u00f4leur italien de la protection des donn\u00e9es n\u00b0229 du 8&nbsp;mai&nbsp;2014 publi\u00e9e dans le Journal<br>Officiel n\u00b0126 du 3&nbsp;juin&nbsp;2014 (la fameuse cookies law), la Soci\u00e9t\u00e9 Sistem Pneumatica S.r.l. (ci-<br>dessous par synth\u00e8se dans la forme contract\u00e9e \u00ab&nbsp;Sistem&nbsp;\u00bb), situ\u00e9e \u00e0 Bologna, via della Salute<br>n.85\/10 B-C-D, code fiscal italien et num\u00e9ro de TVA 01188760373, en la personne de son<br>repr\u00e9sentant l\u00e9gal Lorenzo Gamberini, adresse P.E.C.&nbsp;: sistempneumatica@legalmail.it e-<br>mail&nbsp;: info@sistemp.com.<br>1) Responsable du traitement des donn\u00e9es et sous-traitant des donn\u00e9es.<br>Le responsable est Sistem Pneumatica S.r.l.<br>2) Donn\u00e9es personnelles (ou donn\u00e9es)<br>Une donn\u00e9e personnelle est toute information relative \u00e0 une personne physique, identifi\u00e9e<br>ou identifiable, m\u00eame indirectement, et faisant r\u00e9f\u00e9rence \u00e0 toute autre information, y<br>compris un num\u00e9ro d&#8217;identification personnelle .<br>3) Donn\u00e9es d\u2019utilisation<br>Il s&#8217;agit des informations r\u00e9col\u00e9es automatiquement par cette application (ou par les<br>applications de tiers que cette application utilise), dont&nbsp;: les adresses IP ou les noms de<br>domaine des ordinateurs utilis\u00e9s par l\u2019utilisateur qui se connecte avec cette application, les<br>adresses en notation URI (Uniform Resource Identifier), l\u2019horaire de la demande, la m\u00e9thode<br>utilis\u00e9e pour soumettre la demande au serveur, la dimension du fichier obtenu en r\u00e9ponse,<br>le code num\u00e9rique indiquant l\u2019\u00e9tat de la r\u00e9ponse du serveur (r\u00e9ussi, erreur, etc.), le pays de<br>provenance, les caract\u00e9ristiques du navigateur et du syst\u00e8me d\u2019exploitation utilis\u00e9s par le<br>visiteur, les diff\u00e9rentes connotations temporelles de la visite (par exemple, le temps pass\u00e9<br>sur chaque page) et les d\u00e9tails relatifs \u00e0 l\u2019itin\u00e9raire suivi dans l\u2019application, avec une<br>r\u00e9f\u00e9rence toute particuli\u00e8re \u00e0 la s\u00e9quence des pages consult\u00e9es, aux param\u00e8tres relatifs au<br>syst\u00e8me d\u2019exploitation et \u00e0 l\u2019environnement informatique de l\u2019utilisateur.<br>4) Utilisateur<br>L\u2019individu qui utilise cette application, qui doit co\u00efncider avec la personne concern\u00e9e ou \u00eatre<br>autoris\u00e9 par celui-ci et dont les donn\u00e9es personnelles sont l\u2019objet du traitement.<br>5) Personne concern\u00e9e<br>La personne physique ou juridique \u00e0 laquelle font r\u00e9f\u00e9rence les donn\u00e9es personnelles.<br>6) Cookies<br>Le site utilise des cookies. Les cookies sont des cha\u00eenes alphanum\u00e9riques enregistr\u00e9es sur le<br>support informatique, qui permettent d\u2019enregistrer des param\u00e8tres sp\u00e9cifiques et les<br>donn\u00e9es communiqu\u00e9es au syst\u00e8me informatique, par l\u2019interm\u00e9diaire du navigateur utilis\u00e9.<br>Ces instruments permettent donc \u00e9galement une analyse des habitudes dans l\u2019utilisation du<br>site pour des buts diff\u00e9rents&nbsp;: ex\u00e9cution de l\u2019identification de l\u2019ordinateur, surveillance des<br>sessions, archivage d&#8217;informations sur des configurations sp\u00e9cifiques concernant les<br>utilisateurs qui acc\u00e8dent au serveur, enregistrement des pr\u00e9f\u00e9rences, etc.<br>Les cookies sont divis\u00e9s en&nbsp;:<\/p>\n\n\n\n<p>2<br>a) Cookies techniques&nbsp;: ces cookies sont n\u00e9cessaires pour le fonctionnement correct de<br>notre site Internet et pour utiliser et\/ou am\u00e9liorer les diff\u00e9rentes fonctions ou services<br>demand\u00e9s. Sans l\u2019utilisation de ces cookies, certaines op\u00e9rations ne pourraient pas \u00eatre<br>compl\u00e9t\u00e9es ou seraient plus compliqu\u00e9es et\/ou moins s\u00e9curis\u00e9es. L&#8217;installation de cookies<br>techniques ne requiert aucun consentement.<br>b) Cookies d&#8217;analyse&nbsp;: Il s&#8217;agit de cookies qui nous permettent d\u2019am\u00e9liorer les prestations de<br>notre site Internet, gr\u00e2ce \u00e0 la surveillance et \u00e0 l\u2019analyse du comportement des utilisateurs .<br>Afin d&#8217;analyser les modalit\u00e9s d\u2019utilisation de notre site Internet, le Responsable du<br>traitement de donn\u00e9es utilise le service d&#8217;analyse Internet \u00ab&nbsp;Google Analytics&nbsp;\u00bb, qui utilise<br>les donn\u00e9es personnelles r\u00e9colt\u00e9es, dans le but de tracer et d\u2019examiner l\u2019utilisation de ce<br>site, de remplir des rapports, et de les partager avec d&#8217;autres services d\u00e9velopp\u00e9s par<br>Google.<br>De plus amples informations relatives au service de Google Analytics et aux proc\u00e9dures \u00e0<br>suivre pour d\u00e9sactiver les cookies peuvent \u00eatre trouv\u00e9es dans les liens suivants&nbsp;:<br>\u2026\u2026\u2026\u2026\u2026\u2026\u2026\u2026\u2026<br>c) Cookies publicitaires et de publicit\u00e9 comportementale (profilage). Ces cookies sont<br>utilis\u00e9s par le responsable pour r\u00e9colter le donn\u00e9es afin de proc\u00e9der \u00e0 des activit\u00e9s de<br>recherches de march\u00e9 ou d&#8217;activit\u00e9 promotionnelle.<br>Le responsable utilise les services suivants&nbsp;:<br>\u2026\u2026\u2026\u2026\u2026\u2026\u2026\u2026\u2026\u2026 LISTE DE CHAQUE COOKIE<br>L\u2019utilisation de cette cat\u00e9gorie de cookies pr\u00e9voit la libre manifestation du consentement.<br>L\u2019utilisateur peut d\u00e9cider d&#8217;autoriser ou de nier l\u2019utilisation de cette cat\u00e9gorie de cookies, en<br>utilisant l\u2019instrument d\u2019opt-out pr\u00e9vu sur la page des param\u00e8tres du navigateur, ou bien en<br>fonction de ce qui est sp\u00e9cifi\u00e9.<br>\uf0a0 Activ\u00e9<br>\uf0a0 D\u00e9sactiv\u00e9<br>d) Cookies de publicit\u00e9 comportementale (profilage) Ces cookies sont utilis\u00e9s par le<br>responsable pour r\u00e9colter des donn\u00e9es relatives aux habitudes de navigation et aux<br>pr\u00e9f\u00e9rences de l\u2019utilisateur, afin de d\u00e9velopper un profil sp\u00e9cifique pour personnaliser l\u2019offre<br>commerciale, pour proc\u00e9der \u00e0 des recherches de march\u00e9, \u00e0 des activit\u00e9s promotionnelles ou<br>de vente \u00e0 distance.<br>Le responsable utilise les services suivants&nbsp;:<br>\u2026\u2026\u2026\u2026\u2026\u2026\u2026\u2026\u2026\u2026 LISTE DE CHAQUE COOKIE<br>L\u2019utilisation de cette cat\u00e9gorie de cookies pr\u00e9voit la libre manifestation du consentement.<br>L\u2019utilisateur peut d\u00e9cider d&#8217;autoriser ou de nier l\u2019utilisation de cette cat\u00e9gorie de cookies, en<br>utilisant l\u2019instrument d\u2019opt-out pr\u00e9vu sur la page des param\u00e8tres du navigateur, ou bien en<br>fonction de ce qui est sp\u00e9cifi\u00e9.<br>\uf0a0 Activ\u00e9<br>\uf0a0 D\u00e9sactiv\u00e9<br>e) Cookies tiers et cookies r\u00e9seaux sociaux.<br>Notre site Internet peut autoriser l\u2019utilisation de cookie tiers qui pourraient r\u00e9colter des<br>informations sur la navigation de l\u2019utilisateur dans le r\u00e9seau Internet et, en particulier, dans<br>le cadre de nos sites Internet. De plus, certaines pages de notre site Internet sont<br>caract\u00e9ris\u00e9es par la pr\u00e9sence des fameux \u00ab&nbsp;social plug-in&nbsp;\u00bb, qui permettent de partager nos<br>contenus sur les r\u00e9seaux sociaux tels que Facebook, Instagram et Linkedin.<br>Le responsable utilise les services suivants&nbsp;:<br>\u2026\u2026\u2026\u2026\u2026\u2026\u2026\u2026\u2026\u2026 LISTE DE CHAQUE COOKIE<\/p>\n\n\n\n<p>3<br>L\u2019utilisation de cette cat\u00e9gorie de cookies pr\u00e9voit la libre manifestation du consentement.<br>L\u2019utilisateur peut d\u00e9cider d&#8217;autoriser ou de nier l\u2019utilisation de cette cat\u00e9gorie de cookies, en<br>utilisant l\u2019instrument d\u2019opt-out pr\u00e9vu sur la page des param\u00e8tres du navigateur, ou bien en<br>fonction de ce qui est sp\u00e9cifi\u00e9.<br>\uf0a0 Activ\u00e9<br>\uf0a0 D\u00e9sactiv\u00e9<\/p>\n\n\n\n<p>Les cookies tiers ne sont pas sous notre contr\u00f4le et, donc, pour obtenir de plus amples<br>informations sur comment le tiers utilise les cookies, il est conseill\u00e9 de visiter le site Internet<br>du tiers dont on reporte ci-dessous les adresses Internet l\u00e0 o\u00f9 pr\u00e9sentes, les diff\u00e9rentes<br>notes d&#8217;information et les modalit\u00e9s de gestion des cookies tiers&nbsp;:<\/p>\n\n\n\n<ul class=\"wp-block-list\"><li>Facebook&nbsp;: Note d&#8217;informations&nbsp;: https:\/\/www.facebook.com\/help\/cookies\/<br>(https:\/\/www.facebook.com\/help\/cookies\/)<\/li><li>Instagram<\/li><li>Linkedin<br>7) Gestion des cookies<br>En plus de ce qui est indiqu\u00e9 dans ce document, l\u2019utilisateur peut g\u00e9rer les<br>pr\u00e9f\u00e9rences relatives aux Cookies directement dans son navigateur et<br>emp\u00eacher, par exemple, que des tiers puissent en installer. Gr\u00e2ce aux<br>pr\u00e9f\u00e9rences du navigateur, il est \u00e9galement possible d&#8217;\u00e9liminer les cookies<br>install\u00e9s autrefois, y compris les cookies pour lesquels le consentement est<br>\u00e9ventuellement enregistr\u00e9 au moment de l\u2019installation de cookies par ce site. Il<br>est important de savoir qu\u2019en d\u00e9sactivant tous les Cookies, il est possible dans<br>certains cas d&#8217;inhiber ou d\u2019exclure l\u2019utilisation du site ou de ses fonctionnalit\u00e9s.<br>Pour obtenir de plus amples informations sur les cookies, y compris les<br>informations sur leur gestion ou leur \u00e9limination en utilisant les r\u00e9gulations des<br>param\u00e8tres du navigateur, il est possible de se connecter \u00e0,&nbsp;Google<br>Chrome,&nbsp;Mozilla Firefox,&nbsp;Apple Safari&nbsp;et&nbsp;Microsoft Windows Explorer.<br>Pour les services distribu\u00e9s par des tiers, l\u2019utilisateur peut de plus exercer son<br>droit de s\u2019opposer au tra\u00e7age, en se connectant au lien \u2026\u2026\u2026\u2026\u2026\u2026 en<br>s&#8217;informant gr\u00e2ce \u00e0 la politique de confidentialit\u00e9 du tiers, \u00e0 l\u2019aide du lien<br>d\u2019opt-out, si explicitement fourni ou en contactant directement celui-ci<br>\u00c9tant bien entendu ce qui pr\u00e9c\u00e8de, le responsable informe que l\u2019utilisateur<br>peut utiliser&nbsp;Your Online Choices. Gr\u00e2ce \u00e0 ce service, il est possible de g\u00e9rer les<br>pr\u00e9f\u00e9rences de tra\u00e7age de la plupart des instruments publicitaires. Le<br>responsable conseille donc aux utilisateurs d\u2019utiliser cette ressource en plus<br>des informations fournies par ce document.<\/li><\/ul>\n\n\n\n<p>LA PR\u00c9SENTE NOTE D&#8217;INFORMATIONS DOIT \u00caTRE COMPRISE COMME<br>INT\u00c9GR\u00c9E PAR LA NOTE D&#8217;INFORMATIONS CORRESPONDANTE SUR LA<br>CONFIDENTIALIT\u00c9 (LIEN.www.sistemp.com\/privacy policy), QUI D\u00c9CRIT<br>NOTRE UTILISATION DES COOKIES ET DES AUTRES TECHNOLOGIES DE<br>SURVEILLANCE, EN PLUS DE NOTRE POLITIQUE RELATIVE \u00c0 LA R\u00c9COLTE, \u00c0<br>L\u2019UTILISATION, \u00c0 LA DIVULGATION, AU TRANSFERT ET \u00c0 L\u2019ARCHIVAGE DES<br>INFORMATIONS RELATIVES AUX UTILISATEURS ET\/OU AUX VISITEURS DE<br>NOTRE SITE.<\/p>\n","protected":false},"excerpt":{"rendered":"<p>NOTE D&#8217;INFORMATIONS RELATIVES AUX COOKIES Conform\u00e9ment \u00e0 l&#8217;art. 13 du R\u00e8glement Europ\u00e9en n\u00b0679 du 2016 et \u00e0 la&#8230;<\/p>\n","protected":false},"author":1,"featured_media":0,"parent":0,"menu_order":0,"comment_status":"closed","ping_status":"closed","template":"","meta":{"footnotes":""},"class_list":["post-35164","page","type-page","status-publish","hentry"],"yoast_head":"<!-- This site is optimized with the Yoast SEO plugin v27.3 - https:\/\/yoast.com\/product\/yoast-seo-wordpress\/ -->\n<title>Cookie Policy - Sistem Pneumatica<\/title>\n<meta name=\"robots\" content=\"index, follow, max-snippet:-1, max-image-preview:large, max-video-preview:-1\" \/>\n<link rel=\"canonical\" href=\"https:\/\/www.sistemp.com\/fr\/cookie-policy\/\" \/>\n<meta property=\"og:locale\" content=\"fr_FR\" \/>\n<meta property=\"og:type\" content=\"article\" \/>\n<meta property=\"og:title\" content=\"Cookie Policy - Sistem Pneumatica\" \/>\n<meta property=\"og:description\" content=\"NOTE D&#8217;INFORMATIONS RELATIVES AUX COOKIES Conform\u00e9ment \u00e0 l&#8217;art. 13 du R\u00e8glement Europ\u00e9en n\u00b0679 du 2016 et \u00e0 la...\" \/>\n<meta property=\"og:url\" content=\"https:\/\/www.sistemp.com\/fr\/cookie-policy\/\" \/>\n<meta property=\"og:site_name\" content=\"Sistem Pneumatica\" \/>\n<meta property=\"article:modified_time\" content=\"2021-05-26T10:29:36+00:00\" \/>\n<meta name=\"twitter:card\" content=\"summary_large_image\" \/>\n<meta name=\"twitter:label1\" content=\"Dur\u00e9e de lecture estim\u00e9e\" \/>\n\t<meta name=\"twitter:data1\" content=\"6 minutes\" \/>\n<script type=\"application\/ld+json\" class=\"yoast-schema-graph\">{\"@context\":\"https:\\\/\\\/schema.org\",\"@graph\":[{\"@type\":\"WebPage\",\"@id\":\"https:\\\/\\\/www.sistemp.com\\\/fr\\\/cookie-policy\\\/\",\"url\":\"https:\\\/\\\/www.sistemp.com\\\/fr\\\/cookie-policy\\\/\",\"name\":\"Cookie Policy - Sistem Pneumatica\",\"isPartOf\":{\"@id\":\"https:\\\/\\\/www.sistemp.com\\\/#website\"},\"datePublished\":\"2021-03-31T09:25:15+00:00\",\"dateModified\":\"2021-05-26T10:29:36+00:00\",\"breadcrumb\":{\"@id\":\"https:\\\/\\\/www.sistemp.com\\\/fr\\\/cookie-policy\\\/#breadcrumb\"},\"inLanguage\":\"fr-FR\",\"potentialAction\":[{\"@type\":\"ReadAction\",\"target\":[\"https:\\\/\\\/www.sistemp.com\\\/fr\\\/cookie-policy\\\/\"]}]},{\"@type\":\"BreadcrumbList\",\"@id\":\"https:\\\/\\\/www.sistemp.com\\\/fr\\\/cookie-policy\\\/#breadcrumb\",\"itemListElement\":[{\"@type\":\"ListItem\",\"position\":1,\"name\":\"Home\",\"item\":\"https:\\\/\\\/www.sistemp.com\\\/de\\\/\"},{\"@type\":\"ListItem\",\"position\":2,\"name\":\"Cookie Policy\"}]},{\"@type\":\"WebSite\",\"@id\":\"https:\\\/\\\/www.sistemp.com\\\/#website\",\"url\":\"https:\\\/\\\/www.sistemp.com\\\/\",\"name\":\"Sistem Pneumatica\",\"description\":\"\",\"publisher\":{\"@id\":\"https:\\\/\\\/www.sistemp.com\\\/#organization\"},\"potentialAction\":[{\"@type\":\"SearchAction\",\"target\":{\"@type\":\"EntryPoint\",\"urlTemplate\":\"https:\\\/\\\/www.sistemp.com\\\/?s={search_term_string}\"},\"query-input\":{\"@type\":\"PropertyValueSpecification\",\"valueRequired\":true,\"valueName\":\"search_term_string\"}}],\"inLanguage\":\"fr-FR\"},{\"@type\":\"Organization\",\"@id\":\"https:\\\/\\\/www.sistemp.com\\\/#organization\",\"name\":\"Sistem Pneumatica\",\"url\":\"https:\\\/\\\/www.sistemp.com\\\/\",\"logo\":{\"@type\":\"ImageObject\",\"inLanguage\":\"fr-FR\",\"@id\":\"https:\\\/\\\/www.sistemp.com\\\/#\\\/schema\\\/logo\\\/image\\\/\",\"url\":\"https:\\\/\\\/www.sistemp.com\\\/wp-content\\\/uploads\\\/2021\\\/01\\\/Logo-Sistem-Pneumatica.png\",\"contentUrl\":\"https:\\\/\\\/www.sistemp.com\\\/wp-content\\\/uploads\\\/2021\\\/01\\\/Logo-Sistem-Pneumatica.png\",\"width\":2089,\"height\":657,\"caption\":\"Sistem Pneumatica\"},\"image\":{\"@id\":\"https:\\\/\\\/www.sistemp.com\\\/#\\\/schema\\\/logo\\\/image\\\/\"}}]}<\/script>\n<!-- \/ Yoast SEO plugin. -->","yoast_head_json":{"title":"Cookie Policy - Sistem Pneumatica","robots":{"index":"index","follow":"follow","max-snippet":"max-snippet:-1","max-image-preview":"max-image-preview:large","max-video-preview":"max-video-preview:-1"},"canonical":"https:\/\/www.sistemp.com\/fr\/cookie-policy\/","og_locale":"fr_FR","og_type":"article","og_title":"Cookie Policy - Sistem Pneumatica","og_description":"NOTE D&#8217;INFORMATIONS RELATIVES AUX COOKIES Conform\u00e9ment \u00e0 l&#8217;art. 13 du R\u00e8glement Europ\u00e9en n\u00b0679 du 2016 et \u00e0 la...","og_url":"https:\/\/www.sistemp.com\/fr\/cookie-policy\/","og_site_name":"Sistem Pneumatica","article_modified_time":"2021-05-26T10:29:36+00:00","twitter_card":"summary_large_image","twitter_misc":{"Dur\u00e9e de lecture estim\u00e9e":"6 minutes"},"schema":{"@context":"https:\/\/schema.org","@graph":[{"@type":"WebPage","@id":"https:\/\/www.sistemp.com\/fr\/cookie-policy\/","url":"https:\/\/www.sistemp.com\/fr\/cookie-policy\/","name":"Cookie Policy - Sistem Pneumatica","isPartOf":{"@id":"https:\/\/www.sistemp.com\/#website"},"datePublished":"2021-03-31T09:25:15+00:00","dateModified":"2021-05-26T10:29:36+00:00","breadcrumb":{"@id":"https:\/\/www.sistemp.com\/fr\/cookie-policy\/#breadcrumb"},"inLanguage":"fr-FR","potentialAction":[{"@type":"ReadAction","target":["https:\/\/www.sistemp.com\/fr\/cookie-policy\/"]}]},{"@type":"BreadcrumbList","@id":"https:\/\/www.sistemp.com\/fr\/cookie-policy\/#breadcrumb","itemListElement":[{"@type":"ListItem","position":1,"name":"Home","item":"https:\/\/www.sistemp.com\/de\/"},{"@type":"ListItem","position":2,"name":"Cookie Policy"}]},{"@type":"WebSite","@id":"https:\/\/www.sistemp.com\/#website","url":"https:\/\/www.sistemp.com\/","name":"Sistem Pneumatica","description":"","publisher":{"@id":"https:\/\/www.sistemp.com\/#organization"},"potentialAction":[{"@type":"SearchAction","target":{"@type":"EntryPoint","urlTemplate":"https:\/\/www.sistemp.com\/?s={search_term_string}"},"query-input":{"@type":"PropertyValueSpecification","valueRequired":true,"valueName":"search_term_string"}}],"inLanguage":"fr-FR"},{"@type":"Organization","@id":"https:\/\/www.sistemp.com\/#organization","name":"Sistem Pneumatica","url":"https:\/\/www.sistemp.com\/","logo":{"@type":"ImageObject","inLanguage":"fr-FR","@id":"https:\/\/www.sistemp.com\/#\/schema\/logo\/image\/","url":"https:\/\/www.sistemp.com\/wp-content\/uploads\/2021\/01\/Logo-Sistem-Pneumatica.png","contentUrl":"https:\/\/www.sistemp.com\/wp-content\/uploads\/2021\/01\/Logo-Sistem-Pneumatica.png","width":2089,"height":657,"caption":"Sistem Pneumatica"},"image":{"@id":"https:\/\/www.sistemp.com\/#\/schema\/logo\/image\/"}}]}},"_links":{"self":[{"href":"https:\/\/www.sistemp.com\/fr\/wp-json\/wp\/v2\/pages\/35164","targetHints":{"allow":["GET"]}}],"collection":[{"href":"https:\/\/www.sistemp.com\/fr\/wp-json\/wp\/v2\/pages"}],"about":[{"href":"https:\/\/www.sistemp.com\/fr\/wp-json\/wp\/v2\/types\/page"}],"author":[{"embeddable":true,"href":"https:\/\/www.sistemp.com\/fr\/wp-json\/wp\/v2\/users\/1"}],"replies":[{"embeddable":true,"href":"https:\/\/www.sistemp.com\/fr\/wp-json\/wp\/v2\/comments?post=35164"}],"version-history":[{"count":1,"href":"https:\/\/www.sistemp.com\/fr\/wp-json\/wp\/v2\/pages\/35164\/revisions"}],"predecessor-version":[{"id":40728,"href":"https:\/\/www.sistemp.com\/fr\/wp-json\/wp\/v2\/pages\/35164\/revisions\/40728"}],"wp:attachment":[{"href":"https:\/\/www.sistemp.com\/fr\/wp-json\/wp\/v2\/media?parent=35164"}],"curies":[{"name":"wp","href":"https:\/\/api.w.org\/{rel}","templated":true}]}}