{"id":35165,"date":"2021-02-15T14:32:50","date_gmt":"2021-02-15T14:32:50","guid":{"rendered":"https:\/\/www.sistemp.com\/area-download-pdf\/"},"modified":"2026-03-18T09:03:17","modified_gmt":"2026-03-18T09:03:17","slug":"area-download-pdf","status":"publish","type":"page","link":"https:\/\/www.sistemp.com\/fr\/area-download-pdf\/","title":{"rendered":"Espace De T\u00e9l\u00e9chargement"},"content":{"rendered":"\t\t<div data-elementor-type=\"wp-page\" data-elementor-id=\"35165\" class=\"elementor elementor-35165 elementor-9344\" data-elementor-settings=\"{&quot;element_pack_global_tooltip_width&quot;:{&quot;unit&quot;:&quot;px&quot;,&quot;size&quot;:&quot;&quot;,&quot;sizes&quot;:[]},&quot;element_pack_global_tooltip_width_tablet&quot;:{&quot;unit&quot;:&quot;px&quot;,&quot;size&quot;:&quot;&quot;,&quot;sizes&quot;:[]},&quot;element_pack_global_tooltip_width_mobile&quot;:{&quot;unit&quot;:&quot;px&quot;,&quot;size&quot;:&quot;&quot;,&quot;sizes&quot;:[]},&quot;element_pack_global_tooltip_padding&quot;:{&quot;unit&quot;:&quot;px&quot;,&quot;top&quot;:&quot;&quot;,&quot;right&quot;:&quot;&quot;,&quot;bottom&quot;:&quot;&quot;,&quot;left&quot;:&quot;&quot;,&quot;isLinked&quot;:true},&quot;element_pack_global_tooltip_padding_tablet&quot;:{&quot;unit&quot;:&quot;px&quot;,&quot;top&quot;:&quot;&quot;,&quot;right&quot;:&quot;&quot;,&quot;bottom&quot;:&quot;&quot;,&quot;left&quot;:&quot;&quot;,&quot;isLinked&quot;:true},&quot;element_pack_global_tooltip_padding_mobile&quot;:{&quot;unit&quot;:&quot;px&quot;,&quot;top&quot;:&quot;&quot;,&quot;right&quot;:&quot;&quot;,&quot;bottom&quot;:&quot;&quot;,&quot;left&quot;:&quot;&quot;,&quot;isLinked&quot;:true},&quot;element_pack_global_tooltip_border_radius&quot;:{&quot;unit&quot;:&quot;px&quot;,&quot;top&quot;:&quot;&quot;,&quot;right&quot;:&quot;&quot;,&quot;bottom&quot;:&quot;&quot;,&quot;left&quot;:&quot;&quot;,&quot;isLinked&quot;:true},&quot;element_pack_global_tooltip_border_radius_tablet&quot;:{&quot;unit&quot;:&quot;px&quot;,&quot;top&quot;:&quot;&quot;,&quot;right&quot;:&quot;&quot;,&quot;bottom&quot;:&quot;&quot;,&quot;left&quot;:&quot;&quot;,&quot;isLinked&quot;:true},&quot;element_pack_global_tooltip_border_radius_mobile&quot;:{&quot;unit&quot;:&quot;px&quot;,&quot;top&quot;:&quot;&quot;,&quot;right&quot;:&quot;&quot;,&quot;bottom&quot;:&quot;&quot;,&quot;left&quot;:&quot;&quot;,&quot;isLinked&quot;:true}}\" data-elementor-post-type=\"page\">\n\t\t\t\t\t\t<section class=\"elementor-section elementor-top-section elementor-element elementor-element-1c018f1 elementor-section-boxed elementor-section-height-default elementor-section-height-default\" data-id=\"1c018f1\" data-element_type=\"section\" data-e-type=\"section\">\n\t\t\t\t\t\t<div class=\"elementor-container elementor-column-gap-default\">\n\t\t\t\t\t<div class=\"elementor-column elementor-col-100 elementor-top-column elementor-element elementor-element-2fd721a\" data-id=\"2fd721a\" data-element_type=\"column\" data-e-type=\"column\">\n\t\t\t<div class=\"elementor-widget-wrap elementor-element-populated\">\n\t\t\t\t\t\t<div class=\"elementor-element elementor-element-f6c3a59 elementor-widget elementor-widget-text-editor\" data-id=\"f6c3a59\" data-element_type=\"widget\" data-e-type=\"widget\" data-widget_type=\"text-editor.default\">\n\t\t\t\t<div class=\"elementor-widget-container\">\n\t\t\t\t\t\t\t\t\t<p>Dans cette section, il est possible de t\u00e9l\u00e9charger tout le mat\u00e9riel imprim\u00e9 et informatif de Sistem Pneumatica qui est toujours mis \u00e0 jour<\/p>\n\t\t\t\t\t\t\t\t<\/div>\n\t\t\t\t<\/div>\n\t\t\t\t\t<\/div>\n\t\t<\/div>\n\t\t\t\t\t<\/div>\n\t\t<\/section>\n\t\t\t\t<section class=\"elementor-section elementor-top-section elementor-element elementor-element-7767830 elementor-section-boxed elementor-section-height-default elementor-section-height-default\" data-id=\"7767830\" data-element_type=\"section\" data-e-type=\"section\">\n\t\t\t\t\t\t<div class=\"elementor-container elementor-column-gap-default\">\n\t\t\t\t\t<div class=\"elementor-column elementor-col-20 elementor-top-column elementor-element elementor-element-63dd011\" data-id=\"63dd011\" data-element_type=\"column\" data-e-type=\"column\">\n\t\t\t<div class=\"elementor-widget-wrap elementor-element-populated\">\n\t\t\t\t\t\t<div class=\"elementor-element elementor-element-f2b800f elementor-widget elementor-widget-image\" data-id=\"f2b800f\" data-element_type=\"widget\" data-e-type=\"widget\" data-widget_type=\"image.default\">\n\t\t\t\t<div class=\"elementor-widget-container\">\n\t\t\t\t\t\t\t\t\t\t\t\t\t\t\t\t<a href=\"https:\/\/www.sistemp.com\/wp-content\/uploads\/2021\/02\/Azienda-ID-2020.pdf\" target=\"_blank\">\n\t\t\t\t\t\t\t<img fetchpriority=\"high\" decoding=\"async\" width=\"724\" height=\"1024\" src=\"https:\/\/www.sistemp.com\/wp-content\/uploads\/2021\/02\/azienda-724x1024.jpg\" class=\"attachment-large size-large wp-image-35166\" alt=\"\" srcset=\"https:\/\/www.sistemp.com\/wp-content\/uploads\/2021\/02\/azienda-724x1024.jpg 724w, https:\/\/www.sistemp.com\/wp-content\/uploads\/2021\/02\/azienda-106x150.jpg 106w, https:\/\/www.sistemp.com\/wp-content\/uploads\/2021\/02\/azienda-466x660.jpg 466w, https:\/\/www.sistemp.com\/wp-content\/uploads\/2021\/02\/azienda-212x300.jpg 212w, https:\/\/www.sistemp.com\/wp-content\/uploads\/2021\/02\/azienda-768x1087.jpg 768w, https:\/\/www.sistemp.com\/wp-content\/uploads\/2021\/02\/azienda-285x403.jpg 285w, https:\/\/www.sistemp.com\/wp-content\/uploads\/2021\/02\/azienda.jpg 892w\" sizes=\"(max-width: 724px) 100vw, 724px\" \/>\t\t\t\t\t\t\t\t<\/a>\n\t\t\t\t\t\t\t\t\t\t\t\t\t\t\t<\/div>\n\t\t\t\t<\/div>\n\t\t\t\t<div class=\"elementor-element elementor-element-de9ef06 elementor-align-center elementor-widget elementor-widget-button\" data-id=\"de9ef06\" data-element_type=\"widget\" data-e-type=\"widget\" data-widget_type=\"button.default\">\n\t\t\t\t<div class=\"elementor-widget-container\">\n\t\t\t\t\t\t\t\t\t<div class=\"elementor-button-wrapper\">\n\t\t\t\t\t<a class=\"elementor-button elementor-button-link elementor-size-sm\" href=\"https:\/\/www.sistemp.com\/wp-content\/uploads\/2021\/02\/Azienda-ID-2020.pdf\" target=\"_blank\">\n\t\t\t\t\t\t<span class=\"elementor-button-content-wrapper\">\n\t\t\t\t\t\t\t\t\t<span class=\"elementor-button-text\">ENTREPRISE<\/span>\n\t\t\t\t\t<\/span>\n\t\t\t\t\t<\/a>\n\t\t\t\t<\/div>\n\t\t\t\t\t\t\t\t<\/div>\n\t\t\t\t<\/div>\n\t\t\t\t\t<\/div>\n\t\t<\/div>\n\t\t\t\t<div class=\"elementor-column elementor-col-20 elementor-top-column elementor-element elementor-element-b54ecb4\" data-id=\"b54ecb4\" data-element_type=\"column\" data-e-type=\"column\">\n\t\t\t<div class=\"elementor-widget-wrap elementor-element-populated\">\n\t\t\t\t\t\t<div class=\"elementor-element elementor-element-650d3aa elementor-widget elementor-widget-image\" data-id=\"650d3aa\" data-element_type=\"widget\" data-e-type=\"widget\" data-widget_type=\"image.default\">\n\t\t\t\t<div class=\"elementor-widget-container\">\n\t\t\t\t\t\t\t\t\t\t\t\t\t\t\t\t<a href=\"https:\/\/www.sistemp.com\/wp-content\/uploads\/2021\/02\/Brochure-2026-WEB-1.pdf\" target=\"_blank\">\n\t\t\t\t\t\t\t<img decoding=\"async\" width=\"725\" height=\"1024\" src=\"https:\/\/www.sistemp.com\/wp-content\/uploads\/2021\/02\/prodotti-725x1024.jpg\" class=\"attachment-large size-large wp-image-40284\" alt=\"\" srcset=\"https:\/\/www.sistemp.com\/wp-content\/uploads\/2021\/02\/prodotti-725x1024.jpg 725w, https:\/\/www.sistemp.com\/wp-content\/uploads\/2021\/02\/prodotti-106x150.jpg 106w, https:\/\/www.sistemp.com\/wp-content\/uploads\/2021\/02\/prodotti-467x660.jpg 467w, https:\/\/www.sistemp.com\/wp-content\/uploads\/2021\/02\/prodotti-212x300.jpg 212w, https:\/\/www.sistemp.com\/wp-content\/uploads\/2021\/02\/prodotti-768x1085.jpg 768w, https:\/\/www.sistemp.com\/wp-content\/uploads\/2021\/02\/prodotti-285x403.jpg 285w, https:\/\/www.sistemp.com\/wp-content\/uploads\/2021\/02\/prodotti.jpg 892w\" sizes=\"(max-width: 725px) 100vw, 725px\" \/>\t\t\t\t\t\t\t\t<\/a>\n\t\t\t\t\t\t\t\t\t\t\t\t\t\t\t<\/div>\n\t\t\t\t<\/div>\n\t\t\t\t<div class=\"elementor-element elementor-element-546ea93 elementor-align-center elementor-widget elementor-widget-button\" data-id=\"546ea93\" data-element_type=\"widget\" data-e-type=\"widget\" data-widget_type=\"button.default\">\n\t\t\t\t<div class=\"elementor-widget-container\">\n\t\t\t\t\t\t\t\t\t<div class=\"elementor-button-wrapper\">\n\t\t\t\t\t<a class=\"elementor-button elementor-button-link elementor-size-sm\" href=\"https:\/\/www.sistemp.com\/wp-content\/uploads\/2021\/02\/Brochure-2026-WEB-1.pdf\" target=\"_blank\">\n\t\t\t\t\t\t<span class=\"elementor-button-content-wrapper\">\n\t\t\t\t\t\t\t\t\t<span class=\"elementor-button-text\">PRODUITS<\/span>\n\t\t\t\t\t<\/span>\n\t\t\t\t\t<\/a>\n\t\t\t\t<\/div>\n\t\t\t\t\t\t\t\t<\/div>\n\t\t\t\t<\/div>\n\t\t\t\t\t<\/div>\n\t\t<\/div>\n\t\t\t\t<div class=\"elementor-column elementor-col-20 elementor-top-column elementor-element elementor-element-8254bca\" data-id=\"8254bca\" data-element_type=\"column\" data-e-type=\"column\">\n\t\t\t<div class=\"elementor-widget-wrap elementor-element-populated\">\n\t\t\t\t\t\t<div class=\"elementor-element elementor-element-7dcee7b elementor-widget elementor-widget-image\" data-id=\"7dcee7b\" data-element_type=\"widget\" data-e-type=\"widget\" data-widget_type=\"image.default\">\n\t\t\t\t<div class=\"elementor-widget-container\">\n\t\t\t\t\t\t\t\t\t\t\t\t\t\t\t\t<a href=\"https:\/\/www.sistemp.com\/wp-content\/uploads\/2026\/03\/Catalogo-Sistem-Pneumatica-2026-WEB-1.pdf\" target=\"_blank\">\n\t\t\t\t\t\t\t<img decoding=\"async\" width=\"727\" height=\"1024\" src=\"https:\/\/www.sistemp.com\/wp-content\/uploads\/2021\/02\/catalogo-727x1024.jpg\" class=\"attachment-large size-large wp-image-40285\" alt=\"\" srcset=\"https:\/\/www.sistemp.com\/wp-content\/uploads\/2021\/02\/catalogo-727x1024.jpg 727w, https:\/\/www.sistemp.com\/wp-content\/uploads\/2021\/02\/catalogo-106x150.jpg 106w, https:\/\/www.sistemp.com\/wp-content\/uploads\/2021\/02\/catalogo-468x660.jpg 468w, https:\/\/www.sistemp.com\/wp-content\/uploads\/2021\/02\/catalogo-213x300.jpg 213w, https:\/\/www.sistemp.com\/wp-content\/uploads\/2021\/02\/catalogo-768x1082.jpg 768w, https:\/\/www.sistemp.com\/wp-content\/uploads\/2021\/02\/catalogo-285x402.jpg 285w, https:\/\/www.sistemp.com\/wp-content\/uploads\/2021\/02\/catalogo.jpg 894w\" sizes=\"(max-width: 727px) 100vw, 727px\" \/>\t\t\t\t\t\t\t\t<\/a>\n\t\t\t\t\t\t\t\t\t\t\t\t\t\t\t<\/div>\n\t\t\t\t<\/div>\n\t\t\t\t<div class=\"elementor-element elementor-element-31b386f elementor-align-center elementor-widget elementor-widget-button\" data-id=\"31b386f\" data-element_type=\"widget\" data-e-type=\"widget\" data-widget_type=\"button.default\">\n\t\t\t\t<div class=\"elementor-widget-container\">\n\t\t\t\t\t\t\t\t\t<div class=\"elementor-button-wrapper\">\n\t\t\t\t\t<a class=\"elementor-button elementor-button-link elementor-size-sm\" href=\"https:\/\/www.sistemp.com\/wp-content\/uploads\/2021\/04\/Catalogo-2020-1.pdf\" target=\"_blank\">\n\t\t\t\t\t\t<span class=\"elementor-button-content-wrapper\">\n\t\t\t\t\t\t\t\t\t<span class=\"elementor-button-text\">CATALOGUE<\/span>\n\t\t\t\t\t<\/span>\n\t\t\t\t\t<\/a>\n\t\t\t\t<\/div>\n\t\t\t\t\t\t\t\t<\/div>\n\t\t\t\t<\/div>\n\t\t\t\t\t<\/div>\n\t\t<\/div>\n\t\t\t\t<div class=\"elementor-column elementor-col-20 elementor-top-column elementor-element elementor-element-64e9b4a\" data-id=\"64e9b4a\" data-element_type=\"column\" data-e-type=\"column\">\n\t\t\t<div class=\"elementor-widget-wrap elementor-element-populated\">\n\t\t\t\t\t\t<div class=\"elementor-element elementor-element-f42735d elementor-widget elementor-widget-image\" data-id=\"f42735d\" data-element_type=\"widget\" data-e-type=\"widget\" data-widget_type=\"image.default\">\n\t\t\t\t<div class=\"elementor-widget-container\">\n\t\t\t\t\t\t\t\t\t\t\t\t\t\t\t\t<a href=\"https:\/\/www.sistemp.com\/wp-content\/uploads\/2021\/02\/Inox-ID-last-update-2021.pdf\" target=\"_blank\">\n\t\t\t\t\t\t\t<img loading=\"lazy\" decoding=\"async\" width=\"727\" height=\"1024\" src=\"https:\/\/www.sistemp.com\/wp-content\/uploads\/2021\/02\/RACCORDI-727x1024.jpg\" class=\"attachment-large size-large wp-image-40286\" alt=\"\" srcset=\"https:\/\/www.sistemp.com\/wp-content\/uploads\/2021\/02\/RACCORDI-727x1024.jpg 727w, https:\/\/www.sistemp.com\/wp-content\/uploads\/2021\/02\/RACCORDI-106x150.jpg 106w, https:\/\/www.sistemp.com\/wp-content\/uploads\/2021\/02\/RACCORDI-468x660.jpg 468w, https:\/\/www.sistemp.com\/wp-content\/uploads\/2021\/02\/RACCORDI-213x300.jpg 213w, https:\/\/www.sistemp.com\/wp-content\/uploads\/2021\/02\/RACCORDI-768x1082.jpg 768w, https:\/\/www.sistemp.com\/wp-content\/uploads\/2021\/02\/RACCORDI-285x402.jpg 285w, https:\/\/www.sistemp.com\/wp-content\/uploads\/2021\/02\/RACCORDI.jpg 894w\" sizes=\"(max-width: 727px) 100vw, 727px\" \/>\t\t\t\t\t\t\t\t<\/a>\n\t\t\t\t\t\t\t\t\t\t\t\t\t\t\t<\/div>\n\t\t\t\t<\/div>\n\t\t\t\t<div class=\"elementor-element elementor-element-755ddce elementor-align-center elementor-widget elementor-widget-button\" data-id=\"755ddce\" data-element_type=\"widget\" data-e-type=\"widget\" data-widget_type=\"button.default\">\n\t\t\t\t<div class=\"elementor-widget-container\">\n\t\t\t\t\t\t\t\t\t<div class=\"elementor-button-wrapper\">\n\t\t\t\t\t<a class=\"elementor-button elementor-button-link elementor-size-sm\" href=\"https:\/\/www.sistemp.com\/wp-content\/uploads\/2021\/02\/Inox-ID-2020.pdf\" target=\"_blank\">\n\t\t\t\t\t\t<span class=\"elementor-button-content-wrapper\">\n\t\t\t\t\t\t\t\t\t<span class=\"elementor-button-text\">RACCORDS<\/span>\n\t\t\t\t\t<\/span>\n\t\t\t\t\t<\/a>\n\t\t\t\t<\/div>\n\t\t\t\t\t\t\t\t<\/div>\n\t\t\t\t<\/div>\n\t\t\t\t\t<\/div>\n\t\t<\/div>\n\t\t\t\t<div class=\"elementor-column elementor-col-20 elementor-top-column elementor-element elementor-element-8d895ad\" data-id=\"8d895ad\" data-element_type=\"column\" data-e-type=\"column\">\n\t\t\t<div class=\"elementor-widget-wrap elementor-element-populated\">\n\t\t\t\t\t\t<div class=\"elementor-element elementor-element-1e4b5b2 elementor-widget elementor-widget-image\" data-id=\"1e4b5b2\" data-element_type=\"widget\" data-e-type=\"widget\" data-widget_type=\"image.default\">\n\t\t\t\t<div class=\"elementor-widget-container\">\n\t\t\t\t\t\t\t\t\t\t\t\t\t\t\t\t<a href=\"https:\/\/www.sistemp.com\/wp-content\/uploads\/2021\/02\/Poster-last-update-2021.pdf\" target=\"_blank\">\n\t\t\t\t\t\t\t<img loading=\"lazy\" decoding=\"async\" width=\"727\" height=\"1024\" src=\"https:\/\/www.sistemp.com\/wp-content\/uploads\/2021\/02\/POSTER-1-727x1024.jpg\" class=\"attachment-large size-large wp-image-40288\" alt=\"\" srcset=\"https:\/\/www.sistemp.com\/wp-content\/uploads\/2021\/02\/POSTER-1-727x1024.jpg 727w, https:\/\/www.sistemp.com\/wp-content\/uploads\/2021\/02\/POSTER-1-106x150.jpg 106w, https:\/\/www.sistemp.com\/wp-content\/uploads\/2021\/02\/POSTER-1-468x660.jpg 468w, https:\/\/www.sistemp.com\/wp-content\/uploads\/2021\/02\/POSTER-1-213x300.jpg 213w, https:\/\/www.sistemp.com\/wp-content\/uploads\/2021\/02\/POSTER-1-768x1082.jpg 768w, https:\/\/www.sistemp.com\/wp-content\/uploads\/2021\/02\/POSTER-1-285x402.jpg 285w, https:\/\/www.sistemp.com\/wp-content\/uploads\/2021\/02\/POSTER-1.jpg 894w\" sizes=\"(max-width: 727px) 100vw, 727px\" \/>\t\t\t\t\t\t\t\t<\/a>\n\t\t\t\t\t\t\t\t\t\t\t\t\t\t\t<\/div>\n\t\t\t\t<\/div>\n\t\t\t\t<div class=\"elementor-element elementor-element-9a8681c elementor-align-center elementor-widget elementor-widget-button\" data-id=\"9a8681c\" data-element_type=\"widget\" data-e-type=\"widget\" data-widget_type=\"button.default\">\n\t\t\t\t<div class=\"elementor-widget-container\">\n\t\t\t\t\t\t\t\t\t<div class=\"elementor-button-wrapper\">\n\t\t\t\t\t<a class=\"elementor-button elementor-button-link elementor-size-sm\" href=\"https:\/\/www.sistemp.com\/wp-content\/uploads\/2021\/02\/Poster-2020-1.pdf\" target=\"_blank\">\n\t\t\t\t\t\t<span class=\"elementor-button-content-wrapper\">\n\t\t\t\t\t\t\t\t\t<span class=\"elementor-button-text\">AFFICHE<\/span>\n\t\t\t\t\t<\/span>\n\t\t\t\t\t<\/a>\n\t\t\t\t<\/div>\n\t\t\t\t\t\t\t\t<\/div>\n\t\t\t\t<\/div>\n\t\t\t\t\t<\/div>\n\t\t<\/div>\n\t\t\t\t\t<\/div>\n\t\t<\/section>\n\t\t\t\t<\/div>\n\t\t","protected":false},"excerpt":{"rendered":"<p>Dans cette section, il est possible de t\u00e9l\u00e9charger tout le mat\u00e9riel imprim\u00e9 et informatif de Sistem Pneumatica qui&#8230;<\/p>\n","protected":false},"author":1,"featured_media":0,"parent":0,"menu_order":0,"comment_status":"closed","ping_status":"closed","template":"elementor_header_footer","meta":{"footnotes":""},"class_list":["post-35165","page","type-page","status-publish","hentry"],"yoast_head":"<!-- This site is optimized with the Yoast SEO plugin v27.3 - https:\/\/yoast.com\/product\/yoast-seo-wordpress\/ -->\n<title>Espace De T\u00e9l\u00e9chargement - Sistem Pneumatica<\/title>\n<meta name=\"robots\" content=\"index, follow, max-snippet:-1, max-image-preview:large, max-video-preview:-1\" \/>\n<link rel=\"canonical\" href=\"https:\/\/www.sistemp.com\/area-download-pdf\/\" \/>\n<meta property=\"og:locale\" content=\"fr_FR\" \/>\n<meta property=\"og:type\" content=\"article\" \/>\n<meta property=\"og:title\" content=\"Espace De T\u00e9l\u00e9chargement - Sistem Pneumatica\" \/>\n<meta property=\"og:description\" content=\"Dans cette section, il est possible de t\u00e9l\u00e9charger tout le mat\u00e9riel imprim\u00e9 et informatif de Sistem Pneumatica qui...\" \/>\n<meta property=\"og:url\" content=\"https:\/\/www.sistemp.com\/area-download-pdf\/\" \/>\n<meta property=\"og:site_name\" content=\"Sistem Pneumatica\" \/>\n<meta property=\"article:modified_time\" content=\"2026-03-18T09:03:17+00:00\" \/>\n<meta property=\"og:image\" content=\"https:\/\/www.sistemp.com\/wp-content\/uploads\/2021\/02\/azienda.jpg\" \/>\n\t<meta property=\"og:image:width\" content=\"892\" \/>\n\t<meta property=\"og:image:height\" content=\"1262\" \/>\n\t<meta property=\"og:image:type\" content=\"image\/jpeg\" \/>\n<meta name=\"twitter:card\" content=\"summary_large_image\" \/>\n<meta name=\"twitter:label1\" content=\"Dur\u00e9e de lecture estim\u00e9e\" \/>\n\t<meta name=\"twitter:data1\" content=\"2 minutes\" \/>\n<script type=\"application\/ld+json\" class=\"yoast-schema-graph\">{\"@context\":\"https:\\\/\\\/schema.org\",\"@graph\":[{\"@type\":\"WebPage\",\"@id\":\"https:\\\/\\\/www.sistemp.com\\\/area-download-pdf\\\/\",\"url\":\"https:\\\/\\\/www.sistemp.com\\\/area-download-pdf\\\/\",\"name\":\"Espace De T\u00e9l\u00e9chargement - Sistem Pneumatica\",\"isPartOf\":{\"@id\":\"https:\\\/\\\/www.sistemp.com\\\/#website\"},\"primaryImageOfPage\":{\"@id\":\"https:\\\/\\\/www.sistemp.com\\\/area-download-pdf\\\/#primaryimage\"},\"image\":{\"@id\":\"https:\\\/\\\/www.sistemp.com\\\/area-download-pdf\\\/#primaryimage\"},\"thumbnailUrl\":\"https:\\\/\\\/www.sistemp.com\\\/wp-content\\\/uploads\\\/2021\\\/02\\\/azienda-724x1024.jpg\",\"datePublished\":\"2021-02-15T14:32:50+00:00\",\"dateModified\":\"2026-03-18T09:03:17+00:00\",\"breadcrumb\":{\"@id\":\"https:\\\/\\\/www.sistemp.com\\\/area-download-pdf\\\/#breadcrumb\"},\"inLanguage\":\"fr-FR\",\"potentialAction\":[{\"@type\":\"ReadAction\",\"target\":[\"https:\\\/\\\/www.sistemp.com\\\/area-download-pdf\\\/\"]}]},{\"@type\":\"ImageObject\",\"inLanguage\":\"fr-FR\",\"@id\":\"https:\\\/\\\/www.sistemp.com\\\/area-download-pdf\\\/#primaryimage\",\"url\":\"https:\\\/\\\/www.sistemp.com\\\/wp-content\\\/uploads\\\/2021\\\/02\\\/azienda-724x1024.jpg\",\"contentUrl\":\"https:\\\/\\\/www.sistemp.com\\\/wp-content\\\/uploads\\\/2021\\\/02\\\/azienda-724x1024.jpg\"},{\"@type\":\"BreadcrumbList\",\"@id\":\"https:\\\/\\\/www.sistemp.com\\\/area-download-pdf\\\/#breadcrumb\",\"itemListElement\":[{\"@type\":\"ListItem\",\"position\":1,\"name\":\"Home\",\"item\":\"https:\\\/\\\/www.sistemp.com\\\/de\\\/\"},{\"@type\":\"ListItem\",\"position\":2,\"name\":\"Espace De T\u00e9l\u00e9chargement\"}]},{\"@type\":\"WebSite\",\"@id\":\"https:\\\/\\\/www.sistemp.com\\\/#website\",\"url\":\"https:\\\/\\\/www.sistemp.com\\\/\",\"name\":\"Sistem Pneumatica\",\"description\":\"\",\"publisher\":{\"@id\":\"https:\\\/\\\/www.sistemp.com\\\/#organization\"},\"potentialAction\":[{\"@type\":\"SearchAction\",\"target\":{\"@type\":\"EntryPoint\",\"urlTemplate\":\"https:\\\/\\\/www.sistemp.com\\\/?s={search_term_string}\"},\"query-input\":{\"@type\":\"PropertyValueSpecification\",\"valueRequired\":true,\"valueName\":\"search_term_string\"}}],\"inLanguage\":\"fr-FR\"},{\"@type\":\"Organization\",\"@id\":\"https:\\\/\\\/www.sistemp.com\\\/#organization\",\"name\":\"Sistem Pneumatica\",\"url\":\"https:\\\/\\\/www.sistemp.com\\\/\",\"logo\":{\"@type\":\"ImageObject\",\"inLanguage\":\"fr-FR\",\"@id\":\"https:\\\/\\\/www.sistemp.com\\\/#\\\/schema\\\/logo\\\/image\\\/\",\"url\":\"https:\\\/\\\/www.sistemp.com\\\/wp-content\\\/uploads\\\/2021\\\/01\\\/Logo-Sistem-Pneumatica.png\",\"contentUrl\":\"https:\\\/\\\/www.sistemp.com\\\/wp-content\\\/uploads\\\/2021\\\/01\\\/Logo-Sistem-Pneumatica.png\",\"width\":2089,\"height\":657,\"caption\":\"Sistem Pneumatica\"},\"image\":{\"@id\":\"https:\\\/\\\/www.sistemp.com\\\/#\\\/schema\\\/logo\\\/image\\\/\"}}]}<\/script>\n<!-- \/ Yoast SEO plugin. -->","yoast_head_json":{"title":"Espace De T\u00e9l\u00e9chargement - Sistem Pneumatica","robots":{"index":"index","follow":"follow","max-snippet":"max-snippet:-1","max-image-preview":"max-image-preview:large","max-video-preview":"max-video-preview:-1"},"canonical":"https:\/\/www.sistemp.com\/area-download-pdf\/","og_locale":"fr_FR","og_type":"article","og_title":"Espace De T\u00e9l\u00e9chargement - Sistem Pneumatica","og_description":"Dans cette section, il est possible de t\u00e9l\u00e9charger tout le mat\u00e9riel imprim\u00e9 et informatif de Sistem Pneumatica qui...","og_url":"https:\/\/www.sistemp.com\/area-download-pdf\/","og_site_name":"Sistem Pneumatica","article_modified_time":"2026-03-18T09:03:17+00:00","og_image":[{"width":892,"height":1262,"url":"https:\/\/www.sistemp.com\/wp-content\/uploads\/2021\/02\/azienda.jpg","type":"image\/jpeg"}],"twitter_card":"summary_large_image","twitter_misc":{"Dur\u00e9e de lecture estim\u00e9e":"2 minutes"},"schema":{"@context":"https:\/\/schema.org","@graph":[{"@type":"WebPage","@id":"https:\/\/www.sistemp.com\/area-download-pdf\/","url":"https:\/\/www.sistemp.com\/area-download-pdf\/","name":"Espace De T\u00e9l\u00e9chargement - Sistem Pneumatica","isPartOf":{"@id":"https:\/\/www.sistemp.com\/#website"},"primaryImageOfPage":{"@id":"https:\/\/www.sistemp.com\/area-download-pdf\/#primaryimage"},"image":{"@id":"https:\/\/www.sistemp.com\/area-download-pdf\/#primaryimage"},"thumbnailUrl":"https:\/\/www.sistemp.com\/wp-content\/uploads\/2021\/02\/azienda-724x1024.jpg","datePublished":"2021-02-15T14:32:50+00:00","dateModified":"2026-03-18T09:03:17+00:00","breadcrumb":{"@id":"https:\/\/www.sistemp.com\/area-download-pdf\/#breadcrumb"},"inLanguage":"fr-FR","potentialAction":[{"@type":"ReadAction","target":["https:\/\/www.sistemp.com\/area-download-pdf\/"]}]},{"@type":"ImageObject","inLanguage":"fr-FR","@id":"https:\/\/www.sistemp.com\/area-download-pdf\/#primaryimage","url":"https:\/\/www.sistemp.com\/wp-content\/uploads\/2021\/02\/azienda-724x1024.jpg","contentUrl":"https:\/\/www.sistemp.com\/wp-content\/uploads\/2021\/02\/azienda-724x1024.jpg"},{"@type":"BreadcrumbList","@id":"https:\/\/www.sistemp.com\/area-download-pdf\/#breadcrumb","itemListElement":[{"@type":"ListItem","position":1,"name":"Home","item":"https:\/\/www.sistemp.com\/de\/"},{"@type":"ListItem","position":2,"name":"Espace De T\u00e9l\u00e9chargement"}]},{"@type":"WebSite","@id":"https:\/\/www.sistemp.com\/#website","url":"https:\/\/www.sistemp.com\/","name":"Sistem Pneumatica","description":"","publisher":{"@id":"https:\/\/www.sistemp.com\/#organization"},"potentialAction":[{"@type":"SearchAction","target":{"@type":"EntryPoint","urlTemplate":"https:\/\/www.sistemp.com\/?s={search_term_string}"},"query-input":{"@type":"PropertyValueSpecification","valueRequired":true,"valueName":"search_term_string"}}],"inLanguage":"fr-FR"},{"@type":"Organization","@id":"https:\/\/www.sistemp.com\/#organization","name":"Sistem Pneumatica","url":"https:\/\/www.sistemp.com\/","logo":{"@type":"ImageObject","inLanguage":"fr-FR","@id":"https:\/\/www.sistemp.com\/#\/schema\/logo\/image\/","url":"https:\/\/www.sistemp.com\/wp-content\/uploads\/2021\/01\/Logo-Sistem-Pneumatica.png","contentUrl":"https:\/\/www.sistemp.com\/wp-content\/uploads\/2021\/01\/Logo-Sistem-Pneumatica.png","width":2089,"height":657,"caption":"Sistem Pneumatica"},"image":{"@id":"https:\/\/www.sistemp.com\/#\/schema\/logo\/image\/"}}]}},"_links":{"self":[{"href":"https:\/\/www.sistemp.com\/fr\/wp-json\/wp\/v2\/pages\/35165","targetHints":{"allow":["GET"]}}],"collection":[{"href":"https:\/\/www.sistemp.com\/fr\/wp-json\/wp\/v2\/pages"}],"about":[{"href":"https:\/\/www.sistemp.com\/fr\/wp-json\/wp\/v2\/types\/page"}],"author":[{"embeddable":true,"href":"https:\/\/www.sistemp.com\/fr\/wp-json\/wp\/v2\/users\/1"}],"replies":[{"embeddable":true,"href":"https:\/\/www.sistemp.com\/fr\/wp-json\/wp\/v2\/comments?post=35165"}],"version-history":[{"count":11,"href":"https:\/\/www.sistemp.com\/fr\/wp-json\/wp\/v2\/pages\/35165\/revisions"}],"predecessor-version":[{"id":57417,"href":"https:\/\/www.sistemp.com\/fr\/wp-json\/wp\/v2\/pages\/35165\/revisions\/57417"}],"wp:attachment":[{"href":"https:\/\/www.sistemp.com\/fr\/wp-json\/wp\/v2\/media?parent=35165"}],"curies":[{"name":"wp","href":"https:\/\/api.w.org\/{rel}","templated":true}]}}