{"id":35176,"date":"2021-02-01T09:10:00","date_gmt":"2021-02-01T09:10:00","guid":{"rendered":"https:\/\/www.sistemp.com\/dashboard\/"},"modified":"2021-05-25T14:07:48","modified_gmt":"2021-05-25T14:07:48","slug":"dashboard","status":"publish","type":"page","link":"https:\/\/www.sistemp.com\/fr\/dashboard\/","title":{"rendered":"Espace Personnel"},"content":{"rendered":"\t\t<div data-elementor-type=\"wp-page\" data-elementor-id=\"35176\" class=\"elementor elementor-35176 elementor-2401\" data-elementor-settings=\"{&quot;element_pack_global_tooltip_width&quot;:{&quot;unit&quot;:&quot;px&quot;,&quot;size&quot;:&quot;&quot;,&quot;sizes&quot;:[]},&quot;element_pack_global_tooltip_width_tablet&quot;:{&quot;unit&quot;:&quot;px&quot;,&quot;size&quot;:&quot;&quot;,&quot;sizes&quot;:[]},&quot;element_pack_global_tooltip_width_mobile&quot;:{&quot;unit&quot;:&quot;px&quot;,&quot;size&quot;:&quot;&quot;,&quot;sizes&quot;:[]},&quot;element_pack_global_tooltip_padding&quot;:{&quot;unit&quot;:&quot;px&quot;,&quot;top&quot;:&quot;&quot;,&quot;right&quot;:&quot;&quot;,&quot;bottom&quot;:&quot;&quot;,&quot;left&quot;:&quot;&quot;,&quot;isLinked&quot;:true},&quot;element_pack_global_tooltip_padding_tablet&quot;:{&quot;unit&quot;:&quot;px&quot;,&quot;top&quot;:&quot;&quot;,&quot;right&quot;:&quot;&quot;,&quot;bottom&quot;:&quot;&quot;,&quot;left&quot;:&quot;&quot;,&quot;isLinked&quot;:true},&quot;element_pack_global_tooltip_padding_mobile&quot;:{&quot;unit&quot;:&quot;px&quot;,&quot;top&quot;:&quot;&quot;,&quot;right&quot;:&quot;&quot;,&quot;bottom&quot;:&quot;&quot;,&quot;left&quot;:&quot;&quot;,&quot;isLinked&quot;:true},&quot;element_pack_global_tooltip_border_radius&quot;:{&quot;unit&quot;:&quot;px&quot;,&quot;top&quot;:&quot;&quot;,&quot;right&quot;:&quot;&quot;,&quot;bottom&quot;:&quot;&quot;,&quot;left&quot;:&quot;&quot;,&quot;isLinked&quot;:true},&quot;element_pack_global_tooltip_border_radius_tablet&quot;:{&quot;unit&quot;:&quot;px&quot;,&quot;top&quot;:&quot;&quot;,&quot;right&quot;:&quot;&quot;,&quot;bottom&quot;:&quot;&quot;,&quot;left&quot;:&quot;&quot;,&quot;isLinked&quot;:true},&quot;element_pack_global_tooltip_border_radius_mobile&quot;:{&quot;unit&quot;:&quot;px&quot;,&quot;top&quot;:&quot;&quot;,&quot;right&quot;:&quot;&quot;,&quot;bottom&quot;:&quot;&quot;,&quot;left&quot;:&quot;&quot;,&quot;isLinked&quot;:true}}\" data-elementor-post-type=\"page\">\n\t\t\t\t\t\t<section class=\"elementor-section elementor-top-section elementor-element elementor-element-37560920 elementor-section-boxed elementor-section-height-default elementor-section-height-default\" data-id=\"37560920\" data-element_type=\"section\" data-e-type=\"section\">\n\t\t\t\t\t\t<div class=\"elementor-container elementor-column-gap-default\">\n\t\t\t\t\t<div class=\"elementor-column elementor-col-100 elementor-top-column elementor-element elementor-element-5b679318\" data-id=\"5b679318\" data-element_type=\"column\" data-e-type=\"column\">\n\t\t\t<div class=\"elementor-widget-wrap elementor-element-populated\">\n\t\t\t\t\t\t<div class=\"elementor-element elementor-element-5e6238f9 elementor-widget elementor-widget-text-editor\" data-id=\"5e6238f9\" data-element_type=\"widget\" data-e-type=\"widget\" data-widget_type=\"text-editor.default\">\n\t\t\t\t<div class=\"elementor-widget-container\">\n\t\t\t\t\t\t\t\t\t\r\n<div class=\"w3eden wpdm-auth-page\" id=\"wpdmloginpage\">\r\n    <div class=\"wpdm-auth-split\" id=\"wpdmlogin\">\r\n        <div class=\"wpdm-auth-panel\">\r\n            <!-- Left Panel - Decorative -->\r\n            <div class=\"wpdm-auth-left\">\r\n                <div class=\"wpdm-auth-grid\"><\/div>\r\n                <div class=\"wpdm-auth-circles\">\r\n                    <div class=\"wpdm-auth-circle\"><\/div>\r\n                    <div class=\"wpdm-auth-circle\"><\/div>\r\n                    <div class=\"wpdm-auth-circle\"><\/div>\r\n                    <div class=\"wpdm-auth-circle\"><\/div>\r\n                <\/div>\r\n\r\n                <div class=\"wpdm-auth-brand\">\r\n                    <a href=\"https:\/\/www.sistemp.com\/fr\/\">\r\n                                            <img decoding=\"async\" src=\"https:\/\/www.sistemp.com\/wp-content\/uploads\/2021\/03\/LogoTipo.jpg\" alt=\"Sistem Pneumatica\" \/>\r\n                                        <span>Sistem Pneumatica<\/span>\r\n                    <\/a>\r\n                <\/div>\r\n\r\n                <div class=\"wpdm-auth-welcome\">\r\n                    <div class=\"wpdm-auth-welcome-sub\">Ravi de vous revoir<\/div>\r\n                    <div class=\"wpdm-auth-welcome-title\">Heureux de vous revoir<\/div>\r\n                    <div class=\"wpdm-auth-welcome-line\"><\/div>\r\n                    <div class=\"wpdm-auth-welcome-text\">\r\n                        Connectez-vous pour acc\u00e9der \u00e0 votre compte, g\u00e9rer vos t\u00e9l\u00e9chargements et d\u00e9couvrir toutes les fonctionnalit\u00e9s \u00e0 votre disposition.                    <\/div>\r\n                <\/div>\r\n            <\/div>\r\n\r\n            <!-- Right Panel - Form -->\r\n            <div class=\"wpdm-auth-right\">\r\n\r\n\r\n                <div class=\"wpdm-auth-form-header\">\r\n                    <h1 class=\"wpdm-auth-form-title\">Connexion au compte<\/h1>\r\n                    <p class=\"wpdm-auth-form-desc\">Saisissez vos identifiants pour acc\u00e9der \u00e0 votre compte et reprendre l\u00e0 o\u00f9 vous en \u00e9tiez.<\/p>\r\n                <\/div>\r\n                                <form name=\"loginform\" id=\"loginform\" action=\"\" method=\"post\">\r\n                    <input type=\"hidden\" name=\"permalink\" value=\"https:\/\/www.sistemp.com\/fr\/dashboard\/\" \/>\r\n\r\n                    <!-- Alerts -->\r\n                    <div id=\"__signin_msg\">\r\n                                            <\/div>\r\n\r\n                    \r\n                    <!-- Email -->\r\n                    <div class=\"wpdm-auth-field\">\r\n                        <div class=\"wpdm-auth-input-wrap\">\r\n                            <input type=\"text\" name=\"wpdm_login[log]\" id=\"user_login\" class=\"wpdm-auth-input\" required placeholder=\"ID de l\u2019e-mail\" autocomplete=\"username\" \/>\r\n                        <\/div>\r\n                    <\/div>\r\n\r\n                    <!-- Password -->\r\n                    <div class=\"wpdm-auth-field\">\r\n                        <div class=\"wpdm-auth-input-wrap\">\r\n                            <input type=\"password\" name=\"wpdm_login[pwd]\" id=\"password\" class=\"wpdm-auth-input has-toggle\" required placeholder=\"Mot de passe\" autocomplete=\"current-password\" \/>\r\n                            <button type=\"button\" class=\"wpdm-auth-pwd-toggle\" onclick=\"wpdmTogglePwd()\" aria-label=\"Toggle password visibility\">\r\n                                <svg id=\"wpdm-eye\" viewBox=\"0 0 24 24\" fill=\"none\" stroke=\"currentColor\" stroke-width=\"2\"><path d=\"M1 12s4-8 11-8 11 8 11 8-4 8-11 8-11-8-11-8z\"\/><circle cx=\"12\" cy=\"12\" r=\"3\"\/><\/svg>\r\n                                <svg id=\"wpdm-eye-off\" style=\"display:none\" viewBox=\"0 0 24 24\" fill=\"none\" stroke=\"currentColor\" stroke-width=\"2\"><path d=\"M17.94 17.94A10.07 10.07 0 0 1 12 20c-7 0-11-8-11-8a18.45 18.45 0 0 1 5.06-5.94M9.9 4.24A9.12 9.12 0 0 1 12 4c7 0 11 8 11 8a18.5 18.5 0 0 1-2.16 3.19m-6.72-1.07a3 3 0 1 1-4.24-4.24\"\/><line x1=\"1\" y1=\"1\" x2=\"23\" y2=\"23\"\/><\/svg>\r\n                            <\/button>\r\n                        <\/div>\r\n                    <\/div>\r\n\r\n                    <!-- Hidden hash -->\r\n                                        <input type=\"hidden\" name=\"__phash\" id=\"__phash\" value=\"OMlqJtt7PMuZLEd5tYpT6C13aRzXk6VNYgb0bQA2JTGorKk1UhIAw-xLiPU78KoqFG1zr5ObjEREPbaRNDmgISI_TO0ftfESFVLHFtBrSRcigfben6z8pcs9txvg9kJfRdPcucmXso0Ddtxl2Nk52cpod0ih7qKUbh8naK1Dv9-Gj2x1VfNkSEtFpqmh0und_\" \/>\r\n\r\n                    \r\n                                        \r\n                    <!-- Remember & Forgot -->\r\n                    <div class=\"wpdm-auth-meta\">\r\n                        <label class=\"wpdm-auth-remember\">\r\n                            <input type=\"checkbox\" name=\"rememberme\" id=\"rememberme\" value=\"forever\" \/>\r\n                            <span class=\"wpdm-auth-check\">\r\n                                <svg viewBox=\"0 0 24 24\" fill=\"none\" stroke=\"currentColor\" stroke-width=\"3\"><polyline points=\"20 6 9 17 4 12\"\/><\/svg>\r\n                            <\/span>\r\n                            <span>Gardez-moi connect\u00e9<\/span>\r\n                        <\/label>\r\n                        <a href=\"https:\/\/www.sistemp.com\/accesso\/?action=lostpassword\" class=\"wpdm-auth-forgot\">Mot de passe oubli\u00e9\u00a0?<\/a>\r\n                    <\/div>\r\n\r\n                    <!-- Submit -->\r\n                    <button type=\"submit\" name=\"wp-submit\" id=\"loginform-submit\" class=\"wpdm-auth-btn\">\r\n                        <span>Connexion<\/span>\r\n                    <\/button>\r\n\r\n                    <!-- Register Link -->\r\n                                            <div class=\"wpdm-auth-link\">\r\n                            Vous n\u2019avez pas de compte\u00a0?                            <a href=\"https:\/\/www.sistemp.com\/registrazione\/\">Abonnez-vous<\/a>\r\n                        <\/div>\r\n                    \r\n                    <input type=\"hidden\" name=\"redirect_to\" value=\"\/fr\/wp-json\/wp\/v2\/pages\/35176\" \/>\r\n                <\/form>\r\n\r\n                <!-- Social Login -->\r\n                \r\n                            <\/div>\r\n        <\/div>\r\n    <\/div>\r\n<\/div>\r\n\r\n<script>\r\nfunction wpdmTogglePwd() {\r\n    var pwd = document.getElementById('password');\r\n    var eye = document.getElementById('wpdm-eye');\r\n    var eyeOff = document.getElementById('wpdm-eye-off');\r\n    if (pwd.type === 'password') {\r\n        pwd.type = 'text';\r\n        eye.style.display = 'none';\r\n        eyeOff.style.display = 'block';\r\n    } else {\r\n        pwd.type = 'password';\r\n        eye.style.display = 'block';\r\n        eyeOff.style.display = 'none';\r\n    }\r\n}\r\n\r\njQuery(function ($) {\r\n        var $btn = $('#loginform-submit');\r\n    var btnHtml = $btn.html();\r\n\r\n    $('#loginform').submit(function () {\r\n        $btn.html('<span class=\"wpdm-auth-spinner\"><\/span><span>Connexion\u2026<\/span>').attr('disabled', 'disabled');\r\n\r\n        $(this).ajaxSubmit({\r\n            error: function(error) {\r\n                if(typeof error.responseJSON !== 'undefined') {\r\n                    showErr(error.responseJSON.messages || error.responseJSON.message);\r\n                    $btn.html(btnHtml).removeAttr('disabled');\r\n                                    } else {\r\n                    setTimeout(function () {\r\n                        location.href = \"\/fr\/wp-json\/wp\/v2\/pages\/35176\";\r\n                    }, 1000);\r\n                }\r\n            },\r\n            success: async function (res) {\r\n                if (!res.success) {\r\n                    showErr(res.message);\r\n                    $btn.html(btnHtml).removeAttr('disabled');\r\n                                    } else {\r\n                    let proceed = await WPDM.doAction(\"wpdm_user_login\", res);\r\n                    $btn.html('<svg viewBox=\"0 0 24 24\" width=\"16\" height=\"16\" fill=\"none\" stroke=\"currentColor\" stroke-width=\"2\"><path d=\"M22 11.08V12a10 10 0 1 1-5.93-9.14\"\/><polyline points=\"22 4 12 14.01 9 11.01\"\/><\/svg><span>' + res.message + '<\/span>');\r\n                    setTimeout(function () {\r\n                        location.href = \"\/fr\/wp-json\/wp\/v2\/pages\/35176\";\r\n                    }, 1000);\r\n                }\r\n            }\r\n        });\r\n        return false;\r\n    });\r\n    \r\n    function showErr(msg) {\r\n        $('#loginform .wpdm-auth-alert.error').remove();\r\n        var html = '<div class=\"wpdm-auth-alert error\">' +\r\n            '<svg viewBox=\"0 0 24 24\" fill=\"none\" stroke=\"currentColor\" stroke-width=\"2\"><circle cx=\"12\" cy=\"12\" r=\"10\"\/><line x1=\"15\" y1=\"9\" x2=\"9\" y2=\"15\"\/><line x1=\"9\" y1=\"9\" x2=\"15\" y2=\"15\"\/><\/svg>' +\r\n            '<span>' + msg + '<\/span><\/div>';\r\n        $('#loginform').prepend(html);\r\n    }\r\n\r\n    $('body').on('click', '.wpdm-auth-alert.error', function(){\r\n        $(this).slideUp(150, function() { $(this).remove(); });\r\n    });\r\n});\r\n<\/script>\r\n\t\t\t\t\t\t\t\t<\/div>\n\t\t\t\t<\/div>\n\t\t\t\t\t<\/div>\n\t\t<\/div>\n\t\t\t\t\t<\/div>\n\t\t<\/section>\n\t\t\t\t<\/div>\n\t\t","protected":false},"excerpt":{"rendered":"","protected":false},"author":1,"featured_media":0,"parent":0,"menu_order":0,"comment_status":"closed","ping_status":"closed","template":"elementor_header_footer","meta":{"footnotes":""},"class_list":["post-35176","page","type-page","status-publish","hentry"],"yoast_head":"<!-- This site is optimized with the Yoast SEO plugin v27.3 - https:\/\/yoast.com\/product\/yoast-seo-wordpress\/ -->\n<title>Espace Personnel - Sistem Pneumatica<\/title>\n<meta name=\"robots\" content=\"index, follow, max-snippet:-1, max-image-preview:large, max-video-preview:-1\" \/>\n<link rel=\"canonical\" href=\"https:\/\/www.sistemp.com\/fr\/dashboard\/\" \/>\n<meta property=\"og:locale\" content=\"fr_FR\" \/>\n<meta property=\"og:type\" content=\"article\" \/>\n<meta property=\"og:title\" content=\"Espace Personnel - Sistem Pneumatica\" \/>\n<meta property=\"og:url\" content=\"https:\/\/www.sistemp.com\/fr\/dashboard\/\" \/>\n<meta property=\"og:site_name\" content=\"Sistem Pneumatica\" \/>\n<meta property=\"article:modified_time\" content=\"2021-05-25T14:07:48+00:00\" \/>\n<meta name=\"twitter:card\" content=\"summary_large_image\" \/>\n<meta name=\"twitter:label1\" content=\"Dur\u00e9e de lecture estim\u00e9e\" \/>\n\t<meta name=\"twitter:data1\" content=\"1 minute\" \/>\n<script type=\"application\/ld+json\" class=\"yoast-schema-graph\">{\"@context\":\"https:\\\/\\\/schema.org\",\"@graph\":[{\"@type\":\"WebPage\",\"@id\":\"https:\\\/\\\/www.sistemp.com\\\/fr\\\/dashboard\\\/\",\"url\":\"https:\\\/\\\/www.sistemp.com\\\/fr\\\/dashboard\\\/\",\"name\":\"Espace Personnel - Sistem Pneumatica\",\"isPartOf\":{\"@id\":\"https:\\\/\\\/www.sistemp.com\\\/#website\"},\"datePublished\":\"2021-02-01T09:10:00+00:00\",\"dateModified\":\"2021-05-25T14:07:48+00:00\",\"breadcrumb\":{\"@id\":\"https:\\\/\\\/www.sistemp.com\\\/fr\\\/dashboard\\\/#breadcrumb\"},\"inLanguage\":\"fr-FR\",\"potentialAction\":[{\"@type\":\"ReadAction\",\"target\":[\"https:\\\/\\\/www.sistemp.com\\\/fr\\\/dashboard\\\/\"]}]},{\"@type\":\"BreadcrumbList\",\"@id\":\"https:\\\/\\\/www.sistemp.com\\\/fr\\\/dashboard\\\/#breadcrumb\",\"itemListElement\":[{\"@type\":\"ListItem\",\"position\":1,\"name\":\"Home\",\"item\":\"https:\\\/\\\/www.sistemp.com\\\/de\\\/\"},{\"@type\":\"ListItem\",\"position\":2,\"name\":\"Espace Personnel\"}]},{\"@type\":\"WebSite\",\"@id\":\"https:\\\/\\\/www.sistemp.com\\\/#website\",\"url\":\"https:\\\/\\\/www.sistemp.com\\\/\",\"name\":\"Sistem Pneumatica\",\"description\":\"\",\"publisher\":{\"@id\":\"https:\\\/\\\/www.sistemp.com\\\/#organization\"},\"potentialAction\":[{\"@type\":\"SearchAction\",\"target\":{\"@type\":\"EntryPoint\",\"urlTemplate\":\"https:\\\/\\\/www.sistemp.com\\\/?s={search_term_string}\"},\"query-input\":{\"@type\":\"PropertyValueSpecification\",\"valueRequired\":true,\"valueName\":\"search_term_string\"}}],\"inLanguage\":\"fr-FR\"},{\"@type\":\"Organization\",\"@id\":\"https:\\\/\\\/www.sistemp.com\\\/#organization\",\"name\":\"Sistem Pneumatica\",\"url\":\"https:\\\/\\\/www.sistemp.com\\\/\",\"logo\":{\"@type\":\"ImageObject\",\"inLanguage\":\"fr-FR\",\"@id\":\"https:\\\/\\\/www.sistemp.com\\\/#\\\/schema\\\/logo\\\/image\\\/\",\"url\":\"https:\\\/\\\/www.sistemp.com\\\/wp-content\\\/uploads\\\/2021\\\/01\\\/Logo-Sistem-Pneumatica.png\",\"contentUrl\":\"https:\\\/\\\/www.sistemp.com\\\/wp-content\\\/uploads\\\/2021\\\/01\\\/Logo-Sistem-Pneumatica.png\",\"width\":2089,\"height\":657,\"caption\":\"Sistem Pneumatica\"},\"image\":{\"@id\":\"https:\\\/\\\/www.sistemp.com\\\/#\\\/schema\\\/logo\\\/image\\\/\"}}]}<\/script>\n<!-- \/ Yoast SEO plugin. -->","yoast_head_json":{"title":"Espace Personnel - Sistem Pneumatica","robots":{"index":"index","follow":"follow","max-snippet":"max-snippet:-1","max-image-preview":"max-image-preview:large","max-video-preview":"max-video-preview:-1"},"canonical":"https:\/\/www.sistemp.com\/fr\/dashboard\/","og_locale":"fr_FR","og_type":"article","og_title":"Espace Personnel - Sistem Pneumatica","og_url":"https:\/\/www.sistemp.com\/fr\/dashboard\/","og_site_name":"Sistem Pneumatica","article_modified_time":"2021-05-25T14:07:48+00:00","twitter_card":"summary_large_image","twitter_misc":{"Dur\u00e9e de lecture estim\u00e9e":"1 minute"},"schema":{"@context":"https:\/\/schema.org","@graph":[{"@type":"WebPage","@id":"https:\/\/www.sistemp.com\/fr\/dashboard\/","url":"https:\/\/www.sistemp.com\/fr\/dashboard\/","name":"Espace Personnel - Sistem Pneumatica","isPartOf":{"@id":"https:\/\/www.sistemp.com\/#website"},"datePublished":"2021-02-01T09:10:00+00:00","dateModified":"2021-05-25T14:07:48+00:00","breadcrumb":{"@id":"https:\/\/www.sistemp.com\/fr\/dashboard\/#breadcrumb"},"inLanguage":"fr-FR","potentialAction":[{"@type":"ReadAction","target":["https:\/\/www.sistemp.com\/fr\/dashboard\/"]}]},{"@type":"BreadcrumbList","@id":"https:\/\/www.sistemp.com\/fr\/dashboard\/#breadcrumb","itemListElement":[{"@type":"ListItem","position":1,"name":"Home","item":"https:\/\/www.sistemp.com\/de\/"},{"@type":"ListItem","position":2,"name":"Espace Personnel"}]},{"@type":"WebSite","@id":"https:\/\/www.sistemp.com\/#website","url":"https:\/\/www.sistemp.com\/","name":"Sistem Pneumatica","description":"","publisher":{"@id":"https:\/\/www.sistemp.com\/#organization"},"potentialAction":[{"@type":"SearchAction","target":{"@type":"EntryPoint","urlTemplate":"https:\/\/www.sistemp.com\/?s={search_term_string}"},"query-input":{"@type":"PropertyValueSpecification","valueRequired":true,"valueName":"search_term_string"}}],"inLanguage":"fr-FR"},{"@type":"Organization","@id":"https:\/\/www.sistemp.com\/#organization","name":"Sistem Pneumatica","url":"https:\/\/www.sistemp.com\/","logo":{"@type":"ImageObject","inLanguage":"fr-FR","@id":"https:\/\/www.sistemp.com\/#\/schema\/logo\/image\/","url":"https:\/\/www.sistemp.com\/wp-content\/uploads\/2021\/01\/Logo-Sistem-Pneumatica.png","contentUrl":"https:\/\/www.sistemp.com\/wp-content\/uploads\/2021\/01\/Logo-Sistem-Pneumatica.png","width":2089,"height":657,"caption":"Sistem Pneumatica"},"image":{"@id":"https:\/\/www.sistemp.com\/#\/schema\/logo\/image\/"}}]}},"_links":{"self":[{"href":"https:\/\/www.sistemp.com\/fr\/wp-json\/wp\/v2\/pages\/35176","targetHints":{"allow":["GET"]}}],"collection":[{"href":"https:\/\/www.sistemp.com\/fr\/wp-json\/wp\/v2\/pages"}],"about":[{"href":"https:\/\/www.sistemp.com\/fr\/wp-json\/wp\/v2\/types\/page"}],"author":[{"embeddable":true,"href":"https:\/\/www.sistemp.com\/fr\/wp-json\/wp\/v2\/users\/1"}],"replies":[{"embeddable":true,"href":"https:\/\/www.sistemp.com\/fr\/wp-json\/wp\/v2\/comments?post=35176"}],"version-history":[{"count":1,"href":"https:\/\/www.sistemp.com\/fr\/wp-json\/wp\/v2\/pages\/35176\/revisions"}],"predecessor-version":[{"id":40572,"href":"https:\/\/www.sistemp.com\/fr\/wp-json\/wp\/v2\/pages\/35176\/revisions\/40572"}],"wp:attachment":[{"href":"https:\/\/www.sistemp.com\/fr\/wp-json\/wp\/v2\/media?parent=35176"}],"curies":[{"name":"wp","href":"https:\/\/api.w.org\/{rel}","templated":true}]}}